{"id":17768,"date":"2022-03-28T12:34:20","date_gmt":"2022-03-28T10:34:20","guid":{"rendered":"https:\/\/www.ainolakauneusklinikka.fi\/?page_id=17768"},"modified":"2023-05-08T10:44:14","modified_gmt":"2023-05-08T08:44:14","slug":"cog-langat","status":"publish","type":"page","link":"https:\/\/www.ainolakauneusklinikka.fi\/ru\/cog-langat\/","title":{"rendered":"COG &#8211; langat"},"content":{"rendered":"<div data-elementor-type=\"wp-page\" data-elementor-id=\"17768\" class=\"elementor elementor-17768\" data-elementor-post-type=\"page\">\n\t\t\t\t\t\t<section class=\"elementor-section elementor-top-section elementor-element elementor-element-27cd75e elementor-section-boxed elementor-section-height-default elementor-section-height-default\" data-id=\"27cd75e\" data-element_type=\"section\">\n\t\t\t\t\t\t<div class=\"elementor-container elementor-column-gap-default\">\n\t\t\t\t\t<div class=\"elementor-column elementor-col-100 elementor-top-column elementor-element elementor-element-5d6c50c9\" data-id=\"5d6c50c9\" data-element_type=\"column\">\n\t\t\t<div class=\"elementor-widget-wrap elementor-element-populated\">\n\t\t\t\t\t\t<div class=\"elementor-element elementor-element-3d10ef7 elementor-widget elementor-widget-heading\" data-id=\"3d10ef7\" data-element_type=\"widget\" data-widget_type=\"heading.default\">\n\t\t\t\t<div class=\"elementor-widget-container\">\n\t\t\t\t\t<h2 class=\"elementor-heading-title elementor-size-default\">COG \u2014 \u043d\u0438\u0442\u0438\n<\/h2>\t\t\t\t<\/div>\n\t\t\t\t<\/div>\n\t\t\t\t<div class=\"elementor-element elementor-element-469a571 elementor-widget elementor-widget-text-editor\" data-id=\"469a571\" data-element_type=\"widget\" data-widget_type=\"text-editor.default\">\n\t\t\t\t<div class=\"elementor-widget-container\">\n\t\t\t\t\t\t\t\t\t<p><strong>\u041c\u0435\u0437\u043e\u043d\u0438\u0442\u0438<\/strong> \u041c\u0435\u0437\u043e\u043d\u0438\u0442\u0438 \u2014 \u044d\u0442\u043e \u043f\u0440\u043e\u0446\u0435\u0434\u0443\u0440\u044b, \u043a\u043e\u0442\u043e\u0440\u044b\u0435 \u043f\u043e\u0434\u0442\u044f\u0433\u0438\u0432\u0430\u044e\u0442 \u0440\u0430\u0437\u043d\u044b\u0435 \u043e\u0431\u043b\u0430\u0441\u0442\u0438 \u043b\u0438\u0446\u0430. \u041d\u0438\u0442\u0438\n\u0438\u043c\u0435\u044e\u0442 \u043d\u0435\u0431\u043e\u043b\u044c\u0448\u0438\u0435 \u0437\u0430\u0437\u0443\u0431\u0440\u0438\u043d\u044b, \u043a\u043e\u0442\u043e\u0440\u044b\u0435 \u0441\u043e\u0437\u0434\u0430\u044e\u0442 \u044d\u0444\u0444\u0435\u043a\u0442 \u043f\u043e\u0434\u0442\u044f\u0436\u043a\u0438 \u043b\u0438\u0446\u0430. \u041d\u0438\u0442\u0438\n\u0432\u0432\u043e\u0434\u044f\u0442\u0441\u044f \u043f\u043e\u0434 \u043a\u043e\u0436\u0443 \u0441 \u043f\u043e\u043c\u043e\u0449\u044c\u044e \u043a\u0430\u043d\u044e\u043b\u0438. \u041a\u043e\u0433\u0434\u0430 \u043d\u0438\u0442\u0438 \u043f\u0440\u0438\u043f\u043e\u0434\u043d\u0438\u043c\u0430\u044e\u0442\u0441\u044f, \u0447\u0435\u0440\u0442\u044b \u043b\u0438\u0446\u0430\n\u0442\u0430\u043a\u0436\u0435 \u043f\u0440\u0438\u043f\u043e\u0434\u043d\u0438\u043c\u0430\u044e\u0442\u0441\u044f. \u0421\u0442\u0435\u0440\u0438\u043b\u044c\u043d\u044b\u0435 \u043d\u0438\u0442\u0438 \u0440\u0430\u0441\u0441\u0430\u0441\u044b\u0432\u0430\u044e\u0442\u0441\u044f \u0441\u0430\u043c\u0438 \u043f\u043e \u0441\u0435\u0431\u0435 \u0447\u0435\u0440\u0435\u0437\n\u043c\u0435\u0441\u044f\u0446 \u043f\u043e\u0441\u043b\u0435 \u043f\u0440\u043e\u0446\u0435\u0434\u0443\u0440\u044b \u0438 \u044d\u0444\u0444\u0435\u043a\u0442 \u043e\u0441\u0442\u0430\u0435\u0442\u0441\u044f \u043d\u0430\u0434\u043e\u043b\u0433\u043e.<\/p><p>\u0420\u0435\u0437\u0443\u043b\u044c\u0442\u0430\u0442\u044b \u043b\u0435\u0447\u0435\u043d\u0438\u044f \u0432\u0438\u0434\u043d\u044b \u0441\u0440\u0430\u0437\u0443 \u043f\u043e\u0441\u043b\u0435 \u043f\u0440\u043e\u0446\u0435\u0434\u0443\u0440\u044b. \u041d\u0438\u0442\u0438 \u043c\u043e\u0436\u043d\u043e \u0438\u0441\u043f\u043e\u043b\u044c\u0437\u043e\u0432\u0430\u0442\u044c,\n\u043d\u0430\u043f\u0440\u0438\u043c\u0435\u0440, \u0434\u043b\u044f \u043f\u043e\u0434\u0442\u044f\u0436\u043a\u0438 \u0431\u0440\u043e\u0432\u0435\u0439 \u0438 \u00ab\u043c\u0435\u0448\u043a\u043e\u0432 \u0445\u043e\u043c\u044f\u043a\u0430\u00bb, \u0430 \u0442\u0430\u043a\u0436\u0435 \u0434\u043b\u044f \u043f\u043e\u0434\u0442\u044f\u0436\u043a\u0438\n\u0440\u0430\u0437\u043b\u0438\u0447\u043d\u044b\u0445 \u0443\u0447\u0430\u0441\u0442\u043a\u043e\u0432 \u043b\u0438\u0446\u0430. \u041b\u0435\u0447\u0435\u043d\u0438\u044e \u0432\u0441\u0435\u0433\u0434\u0430 \u043f\u0440\u0435\u0434\u0448\u0435\u0441\u0442\u0432\u0443\u0435\u0442 \u043a\u043e\u043d\u0441\u0443\u043b\u044c\u0442\u0430\u0446\u0438\u044f, \u043d\u0430\n\u043a\u043e\u0442\u043e\u0440\u043e\u0439 \u0441 \u0432\u0440\u0430\u0447\u043e\u043c \u0438\u043b\u0438 \u043c\u0435\u0434\u0441\u0435\u0441\u0442\u0440\u043e\u0439 \u0441\u043e\u0441\u0442\u0430\u0432\u043b\u044f\u0435\u0442\u0441\u044f \u043f\u043b\u0430\u043d \u043b\u0435\u0447\u0435\u043d\u0438\u044f \u0438 \u043e\u0446\u0435\u043d\u0438\u0432\u0430\u0435\u0442\u0441\u044f\n\u043a\u043e\u043b\u0438\u0447\u0435\u0441\u0442\u0432\u043e \u043d\u0438\u0442\u0435\u0439 \u0438 \u043f\u043e\u0436\u0435\u043b\u0430\u043d\u0438\u044f \u043a\u043b\u0438\u0435\u043d\u0442\u0430.<\/p><p>\u041f\u043e\u0441\u043b\u0435 \u043f\u0440\u043e\u0446\u0435\u0434\u0443\u0440\u044b \u043c\u043e\u0436\u0435\u0442 \u043f\u043e\u044f\u0432\u0438\u0442\u044c\u0441\u044f \u043e\u0442\u0435\u043a \u0438 \u043f\u043e\u043a\u0440\u0430\u0441\u043d\u0435\u043d\u0438\u0435. \u0412 \u0442\u0435\u0447\u0435\u043d\u0438\u0435 \u043d\u0435\u0441\u043a\u043e\u043b\u044c\u043a\u0438\u0445\n\u043d\u0435\u0434\u0435\u043b\u044c \u043f\u043e\u0441\u043b\u0435 \u043f\u0440\u043e\u0446\u0435\u0434\u0443\u0440\u044b \u043d\u0430 \u043e\u0431\u0440\u0430\u0431\u0430\u0442\u044b\u0432\u0430\u0435\u043c\u043e\u043c \u0443\u0447\u0430\u0441\u0442\u043a\u0435 \u043c\u043e\u0436\u0435\u0442 \u043d\u0430\u0431\u043b\u044e\u0434\u0430\u0442\u044c\u0441\u044f\n\u043d\u0435\u0440\u043e\u0432\u043d\u043e\u0441\u0442\u044c \u0438 \u0432\u043e\u043b\u043d\u0438\u0441\u0442\u043e\u0441\u0442\u044c \u043a\u043e\u0436\u0438, \u0447\u0435\u0440\u0435\u0437 \u043c\u0435\u0441\u044f\u0446 \u043a\u043e\u0436\u0430 \u0440\u0430\u0437\u0433\u043b\u0430\u0436\u0438\u0432\u0430\u0435\u0442\u0441\u044f. \u0412\u043e\u043b\u043d\u0438\u0441\u0442\u043e\u0441\u0442\u044c\n\u0441\u043e\u0437\u0434\u0430\u0435\u0442\u0441\u044f \u043d\u0430\u0442\u044f\u0436\u0435\u043d\u0438\u0435\u043c \u043d\u0438\u0442\u0438 \u043f\u043e\u0434 \u043a\u043e\u0436\u0435\u0439.<\/p>\t\t\t\t\t\t\t\t<\/div>\n\t\t\t\t<\/div>\n\t\t\t\t<div class=\"elementor-element elementor-element-01c636d elementor-widget elementor-widget-image\" data-id=\"01c636d\" data-element_type=\"widget\" data-widget_type=\"image.default\">\n\t\t\t\t<div class=\"elementor-widget-container\">\n\t\t\t\t\t\t\t\t\t\t\t\t\t\t\t<img fetchpriority=\"high\" decoding=\"async\" width=\"800\" height=\"419\" src=\"https:\/\/www.ainolakauneusklinikka.fi\/wp-content\/uploads\/2023\/05\/91-1024x536.png\" class=\"attachment-large size-large wp-image-18989\" alt=\"\" srcset=\"https:\/\/www.ainolakauneusklinikka.fi\/wp-content\/uploads\/2023\/05\/91-1024x536.png 1024w, https:\/\/www.ainolakauneusklinikka.fi\/wp-content\/uploads\/2023\/05\/91-300x157.png 300w, https:\/\/www.ainolakauneusklinikka.fi\/wp-content\/uploads\/2023\/05\/91-768x402.png 768w, https:\/\/www.ainolakauneusklinikka.fi\/wp-content\/uploads\/2023\/05\/91.png 1200w\" sizes=\"(max-width: 800px) 100vw, 800px\" \/>\t\t\t\t\t\t\t\t\t\t\t\t\t\t\t<\/div>\n\t\t\t\t<\/div>\n\t\t\t\t\t<\/div>\n\t\t<\/div>\n\t\t\t\t\t<\/div>\n\t\t<\/section>\n\t\t\t\t<\/div>","protected":false},"excerpt":{"rendered":"<p>COG \u2013 langat Cog-langat eli v\u00e4k\u00e4slangat ovat toimenpiteit\u00e4, joissa kohotetaan kasvojen eri alueita. V\u00e4k\u00e4slangoissa on pieni\u00e4 v\u00e4k\u00e4si\u00e4, jotka saavat aikaan kasvoja kohottavan vaikutuksen. Langat vied\u00e4\u00e4n ihon alle kanyylin avulla. Kun lankoja nostetaan, my\u00f6s kasvojen piirteet nousevat. Steriilit v\u00e4k\u00e4slangat sulavat itsest\u00e4\u00e4n kuukausen p\u00e4\u00e4st\u00e4 toimenpiteest\u00e4. Hoidon tulokset n\u00e4kyv\u00e4t heti toimenpiteen j\u00e4lkeen. Langoilla voi esimerkiksi nostaa kulmia ja [&hellip;]<\/p>\n","protected":false},"author":29,"featured_media":0,"parent":0,"menu_order":0,"comment_status":"closed","ping_status":"closed","template":"","meta":{"footnotes":""},"yoast_head":"<!-- This site is optimized with the Yoast SEO plugin v23.3 - https:\/\/yoast.com\/wordpress\/plugins\/seo\/ -->\n<title>COG - langat - Ainola kauneusklinikka<\/title>\n<meta name=\"robots\" content=\"index, follow, max-snippet:-1, max-image-preview:large, max-video-preview:-1\" \/>\n<link rel=\"canonical\" href=\"https:\/\/www.ainolakauneusklinikka.fi\/ru\/cog-langat\/\" \/>\n<meta property=\"og:locale\" content=\"ru_RU\" \/>\n<meta property=\"og:type\" content=\"article\" \/>\n<meta property=\"og:title\" content=\"COG - langat - Ainola kauneusklinikka\" \/>\n<meta property=\"og:description\" content=\"COG \u2013 langat Cog-langat eli v\u00e4k\u00e4slangat ovat toimenpiteit\u00e4, joissa kohotetaan kasvojen eri alueita. V\u00e4k\u00e4slangoissa on pieni\u00e4 v\u00e4k\u00e4si\u00e4, jotka saavat aikaan kasvoja kohottavan vaikutuksen. Langat vied\u00e4\u00e4n ihon alle kanyylin avulla. Kun lankoja nostetaan, my\u00f6s kasvojen piirteet nousevat. Steriilit v\u00e4k\u00e4slangat sulavat itsest\u00e4\u00e4n kuukausen p\u00e4\u00e4st\u00e4 toimenpiteest\u00e4. Hoidon tulokset n\u00e4kyv\u00e4t heti toimenpiteen j\u00e4lkeen. Langoilla voi esimerkiksi nostaa kulmia ja [&hellip;]\" \/>\n<meta property=\"og:url\" content=\"https:\/\/www.ainolakauneusklinikka.fi\/ru\/cog-langat\/\" \/>\n<meta property=\"og:site_name\" content=\"Ainola kauneusklinikka\" \/>\n<meta property=\"article:publisher\" content=\"https:\/\/www.facebook.com\/ainolakauneusklinikka.fi\/\" \/>\n<meta property=\"article:modified_time\" content=\"2023-05-08T08:44:14+00:00\" \/>\n<meta property=\"og:image\" content=\"https:\/\/www.ainolakauneusklinikka.fi\/wp-content\/uploads\/2023\/05\/91-1024x536.png\" \/>\n<meta name=\"twitter:card\" content=\"summary_large_image\" \/>\n<meta name=\"twitter:label1\" content=\"\u041f\u0440\u0438\u043c\u0435\u0440\u043d\u043e\u0435 \u0432\u0440\u0435\u043c\u044f \u0434\u043b\u044f \u0447\u0442\u0435\u043d\u0438\u044f\" \/>\n\t<meta name=\"twitter:data1\" content=\"1 \u043c\u0438\u043d\u0443\u0442\u0430\" \/>\n<script type=\"application\/ld+json\" class=\"yoast-schema-graph\">{\"@context\":\"https:\/\/schema.org\",\"@graph\":[{\"@type\":\"WebPage\",\"@id\":\"https:\/\/www.ainolakauneusklinikka.fi\/cog-langat\/\",\"url\":\"https:\/\/www.ainolakauneusklinikka.fi\/cog-langat\/\",\"name\":\"COG - langat - Ainola kauneusklinikka\",\"isPartOf\":{\"@id\":\"https:\/\/www.ainolakauneusklinikka.fi\/#website\"},\"primaryImageOfPage\":{\"@id\":\"https:\/\/www.ainolakauneusklinikka.fi\/cog-langat\/#primaryimage\"},\"image\":{\"@id\":\"https:\/\/www.ainolakauneusklinikka.fi\/cog-langat\/#primaryimage\"},\"thumbnailUrl\":\"https:\/\/www.ainolakauneusklinikka.fi\/wp-content\/uploads\/2023\/05\/91-1024x536.png\",\"datePublished\":\"2022-03-28T10:34:20+00:00\",\"dateModified\":\"2023-05-08T08:44:14+00:00\",\"breadcrumb\":{\"@id\":\"https:\/\/www.ainolakauneusklinikka.fi\/cog-langat\/#breadcrumb\"},\"inLanguage\":\"ru-RU\",\"potentialAction\":[{\"@type\":\"ReadAction\",\"target\":[\"https:\/\/www.ainolakauneusklinikka.fi\/cog-langat\/\"]}]},{\"@type\":\"ImageObject\",\"inLanguage\":\"ru-RU\",\"@id\":\"https:\/\/www.ainolakauneusklinikka.fi\/cog-langat\/#primaryimage\",\"url\":\"https:\/\/www.ainolakauneusklinikka.fi\/wp-content\/uploads\/2023\/05\/91-1024x536.png\",\"contentUrl\":\"https:\/\/www.ainolakauneusklinikka.fi\/wp-content\/uploads\/2023\/05\/91-1024x536.png\"},{\"@type\":\"BreadcrumbList\",\"@id\":\"https:\/\/www.ainolakauneusklinikka.fi\/cog-langat\/#breadcrumb\",\"itemListElement\":[{\"@type\":\"ListItem\",\"position\":1,\"name\":\"Etusivu\",\"item\":\"https:\/\/www.ainolakauneusklinikka.fi\/\"},{\"@type\":\"ListItem\",\"position\":2,\"name\":\"COG &#8211; langat\"}]},{\"@type\":\"WebSite\",\"@id\":\"https:\/\/www.ainolakauneusklinikka.fi\/#website\",\"url\":\"https:\/\/www.ainolakauneusklinikka.fi\/\",\"name\":\"Ainola kauneusklinikka\",\"description\":\"Kauneushoitola Helsingin keskustassa\",\"publisher\":{\"@id\":\"https:\/\/www.ainolakauneusklinikka.fi\/#organization\"},\"potentialAction\":[{\"@type\":\"SearchAction\",\"target\":{\"@type\":\"EntryPoint\",\"urlTemplate\":\"https:\/\/www.ainolakauneusklinikka.fi\/?s={search_term_string}\"},\"query-input\":\"required name=search_term_string\"}],\"inLanguage\":\"ru-RU\"},{\"@type\":\"Organization\",\"@id\":\"https:\/\/www.ainolakauneusklinikka.fi\/#organization\",\"name\":\"Ainola kauneusklinikka\",\"url\":\"https:\/\/www.ainolakauneusklinikka.fi\/\",\"logo\":{\"@type\":\"ImageObject\",\"inLanguage\":\"ru-RU\",\"@id\":\"https:\/\/www.ainolakauneusklinikka.fi\/#\/schema\/logo\/image\/\",\"url\":\"https:\/\/www.ainolakauneusklinikka.fi\/wp-content\/uploads\/2016\/10\/14628043_10154569956212440_1227015686_n-e1477247964928.jpg\",\"contentUrl\":\"https:\/\/www.ainolakauneusklinikka.fi\/wp-content\/uploads\/2016\/10\/14628043_10154569956212440_1227015686_n-e1477247964928.jpg\",\"width\":500,\"height\":162,\"caption\":\"Ainola kauneusklinikka\"},\"image\":{\"@id\":\"https:\/\/www.ainolakauneusklinikka.fi\/#\/schema\/logo\/image\/\"},\"sameAs\":[\"https:\/\/www.facebook.com\/ainolakauneusklinikka.fi\/\",\"https:\/\/www.instagram.com\/ainolakauneusklinikkafi\/\"]}]}<\/script>\n<!-- \/ Yoast SEO plugin. -->","yoast_head_json":{"title":"COG - langat - Ainola kauneusklinikka","robots":{"index":"index","follow":"follow","max-snippet":"max-snippet:-1","max-image-preview":"max-image-preview:large","max-video-preview":"max-video-preview:-1"},"canonical":"https:\/\/www.ainolakauneusklinikka.fi\/ru\/cog-langat\/","og_locale":"ru_RU","og_type":"article","og_title":"COG - langat - Ainola kauneusklinikka","og_description":"COG \u2013 langat Cog-langat eli v\u00e4k\u00e4slangat ovat toimenpiteit\u00e4, joissa kohotetaan kasvojen eri alueita. V\u00e4k\u00e4slangoissa on pieni\u00e4 v\u00e4k\u00e4si\u00e4, jotka saavat aikaan kasvoja kohottavan vaikutuksen. Langat vied\u00e4\u00e4n ihon alle kanyylin avulla. Kun lankoja nostetaan, my\u00f6s kasvojen piirteet nousevat. Steriilit v\u00e4k\u00e4slangat sulavat itsest\u00e4\u00e4n kuukausen p\u00e4\u00e4st\u00e4 toimenpiteest\u00e4. Hoidon tulokset n\u00e4kyv\u00e4t heti toimenpiteen j\u00e4lkeen. Langoilla voi esimerkiksi nostaa kulmia ja [&hellip;]","og_url":"https:\/\/www.ainolakauneusklinikka.fi\/ru\/cog-langat\/","og_site_name":"Ainola kauneusklinikka","article_publisher":"https:\/\/www.facebook.com\/ainolakauneusklinikka.fi\/","article_modified_time":"2023-05-08T08:44:14+00:00","og_image":[{"url":"https:\/\/www.ainolakauneusklinikka.fi\/wp-content\/uploads\/2023\/05\/91-1024x536.png"}],"twitter_card":"summary_large_image","twitter_misc":{"\u041f\u0440\u0438\u043c\u0435\u0440\u043d\u043e\u0435 \u0432\u0440\u0435\u043c\u044f \u0434\u043b\u044f \u0447\u0442\u0435\u043d\u0438\u044f":"1 \u043c\u0438\u043d\u0443\u0442\u0430"},"schema":{"@context":"https:\/\/schema.org","@graph":[{"@type":"WebPage","@id":"https:\/\/www.ainolakauneusklinikka.fi\/cog-langat\/","url":"https:\/\/www.ainolakauneusklinikka.fi\/cog-langat\/","name":"COG - langat - Ainola kauneusklinikka","isPartOf":{"@id":"https:\/\/www.ainolakauneusklinikka.fi\/#website"},"primaryImageOfPage":{"@id":"https:\/\/www.ainolakauneusklinikka.fi\/cog-langat\/#primaryimage"},"image":{"@id":"https:\/\/www.ainolakauneusklinikka.fi\/cog-langat\/#primaryimage"},"thumbnailUrl":"https:\/\/www.ainolakauneusklinikka.fi\/wp-content\/uploads\/2023\/05\/91-1024x536.png","datePublished":"2022-03-28T10:34:20+00:00","dateModified":"2023-05-08T08:44:14+00:00","breadcrumb":{"@id":"https:\/\/www.ainolakauneusklinikka.fi\/cog-langat\/#breadcrumb"},"inLanguage":"ru-RU","potentialAction":[{"@type":"ReadAction","target":["https:\/\/www.ainolakauneusklinikka.fi\/cog-langat\/"]}]},{"@type":"ImageObject","inLanguage":"ru-RU","@id":"https:\/\/www.ainolakauneusklinikka.fi\/cog-langat\/#primaryimage","url":"https:\/\/www.ainolakauneusklinikka.fi\/wp-content\/uploads\/2023\/05\/91-1024x536.png","contentUrl":"https:\/\/www.ainolakauneusklinikka.fi\/wp-content\/uploads\/2023\/05\/91-1024x536.png"},{"@type":"BreadcrumbList","@id":"https:\/\/www.ainolakauneusklinikka.fi\/cog-langat\/#breadcrumb","itemListElement":[{"@type":"ListItem","position":1,"name":"Etusivu","item":"https:\/\/www.ainolakauneusklinikka.fi\/"},{"@type":"ListItem","position":2,"name":"COG &#8211; langat"}]},{"@type":"WebSite","@id":"https:\/\/www.ainolakauneusklinikka.fi\/#website","url":"https:\/\/www.ainolakauneusklinikka.fi\/","name":"Ainola kauneusklinikka","description":"Kauneushoitola Helsingin keskustassa","publisher":{"@id":"https:\/\/www.ainolakauneusklinikka.fi\/#organization"},"potentialAction":[{"@type":"SearchAction","target":{"@type":"EntryPoint","urlTemplate":"https:\/\/www.ainolakauneusklinikka.fi\/?s={search_term_string}"},"query-input":"required name=search_term_string"}],"inLanguage":"ru-RU"},{"@type":"Organization","@id":"https:\/\/www.ainolakauneusklinikka.fi\/#organization","name":"Ainola kauneusklinikka","url":"https:\/\/www.ainolakauneusklinikka.fi\/","logo":{"@type":"ImageObject","inLanguage":"ru-RU","@id":"https:\/\/www.ainolakauneusklinikka.fi\/#\/schema\/logo\/image\/","url":"https:\/\/www.ainolakauneusklinikka.fi\/wp-content\/uploads\/2016\/10\/14628043_10154569956212440_1227015686_n-e1477247964928.jpg","contentUrl":"https:\/\/www.ainolakauneusklinikka.fi\/wp-content\/uploads\/2016\/10\/14628043_10154569956212440_1227015686_n-e1477247964928.jpg","width":500,"height":162,"caption":"Ainola kauneusklinikka"},"image":{"@id":"https:\/\/www.ainolakauneusklinikka.fi\/#\/schema\/logo\/image\/"},"sameAs":["https:\/\/www.facebook.com\/ainolakauneusklinikka.fi\/","https:\/\/www.instagram.com\/ainolakauneusklinikkafi\/"]}]}},"_links":{"self":[{"href":"https:\/\/www.ainolakauneusklinikka.fi\/ru\/wp-json\/wp\/v2\/pages\/17768"}],"collection":[{"href":"https:\/\/www.ainolakauneusklinikka.fi\/ru\/wp-json\/wp\/v2\/pages"}],"about":[{"href":"https:\/\/www.ainolakauneusklinikka.fi\/ru\/wp-json\/wp\/v2\/types\/page"}],"author":[{"embeddable":true,"href":"https:\/\/www.ainolakauneusklinikka.fi\/ru\/wp-json\/wp\/v2\/users\/29"}],"replies":[{"embeddable":true,"href":"https:\/\/www.ainolakauneusklinikka.fi\/ru\/wp-json\/wp\/v2\/comments?post=17768"}],"version-history":[{"count":12,"href":"https:\/\/www.ainolakauneusklinikka.fi\/ru\/wp-json\/wp\/v2\/pages\/17768\/revisions"}],"predecessor-version":[{"id":18992,"href":"https:\/\/www.ainolakauneusklinikka.fi\/ru\/wp-json\/wp\/v2\/pages\/17768\/revisions\/18992"}],"wp:attachment":[{"href":"https:\/\/www.ainolakauneusklinikka.fi\/ru\/wp-json\/wp\/v2\/media?parent=17768"}],"curies":[{"name":"wp","href":"https:\/\/api.w.org\/{rel}","templated":true}]}}