{"id":13288,"date":"2019-04-29T06:24:49","date_gmt":"2019-04-29T04:24:49","guid":{"rendered":"https:\/\/www.ainolakauneusklinikka.fi\/?page_id=13288"},"modified":"2023-05-12T11:28:58","modified_gmt":"2023-05-12T09:28:58","slug":"kanta-asiakkuus-ja-jalkipalvelut","status":"publish","type":"page","link":"https:\/\/www.ainolakauneusklinikka.fi\/ru\/kanta-asiakkuus-ja-jalkipalvelut\/","title":{"rendered":"Kanta-asiakkuus ja j\u00e4lkipalvelut"},"content":{"rendered":"<div data-elementor-type=\"wp-page\" data-elementor-id=\"13288\" class=\"elementor elementor-13288\" data-elementor-post-type=\"page\">\n\t\t\t\t\t\t<section class=\"elementor-section elementor-top-section elementor-element elementor-element-5db25e3c elementor-section-boxed elementor-section-height-default elementor-section-height-default\" data-id=\"5db25e3c\" data-element_type=\"section\">\n\t\t\t\t\t\t<div class=\"elementor-container elementor-column-gap-default\">\n\t\t\t\t\t<div class=\"elementor-column elementor-col-100 elementor-top-column elementor-element elementor-element-4b28821c\" data-id=\"4b28821c\" data-element_type=\"column\">\n\t\t\t<div class=\"elementor-widget-wrap elementor-element-populated\">\n\t\t\t\t\t\t<div class=\"elementor-element elementor-element-e2738b4 elementor-widget elementor-widget-heading\" data-id=\"e2738b4\" data-element_type=\"widget\" data-widget_type=\"heading.default\">\n\t\t\t\t<div class=\"elementor-widget-container\">\n\t\t\t\t\t<h2 class=\"elementor-heading-title elementor-size-default\">Kanta-asiakkuus ja j\u00e4lkipalvelut<\/h2>\t\t\t\t<\/div>\n\t\t\t\t<\/div>\n\t\t\t\t<div class=\"elementor-element elementor-element-35a03f9 elementor-widget elementor-widget-text-editor\" data-id=\"35a03f9\" data-element_type=\"widget\" data-widget_type=\"text-editor.default\">\n\t\t\t\t<div class=\"elementor-widget-container\">\n\t\t\t\t\t\t\t\t\t<p><strong>\u0421\u0442\u0430\u0432 \u043f\u043e\u0441\u0442\u043e\u044f\u043d\u043d\u044b\u043c \u043a\u043b\u0438\u0435\u043d\u0442\u043e\u043c,<\/strong> \u0432\u044b \u043f\u043e\u043b\u0443\u0447\u0430\u0435\u0442\u0435 \u0432\u043e\u0437\u043c\u043e\u0436\u043d\u043e\u0441\u0442\u044c \u043f\u043e\u043b\u044c\u0437\u043e\u0432\u0430\u0442\u044c\u0441\u044f \u043d\u0430\u0448\u0438\u043c\u0438\n\u0434\u0438\u0430\u0433\u043d\u043e\u0441\u0442\u0438\u0447\u0435\u0441\u043a\u0438\u043c\u0438 \u0443\u0441\u043b\u0443\u0433\u0430\u043c\u0438. \u0418\u0445 \u0432\u0441\u0435\u0433\u0434\u0430 \u0434\u0435\u043b\u0430\u0435\u0442 \u0433\u043b\u0430\u0432\u043d\u044b\u0439 \u043a\u043e\u0441\u043c\u0435\u0442\u043e\u043b\u043e\u0433 \u0438 \u0434\u0440\u0443\u0433\u0438\u0435\n\u043f\u0440\u043e\u0444\u0435\u0441\u0441\u0438\u043e\u043d\u0430\u043b\u044c\u043d\u044b\u0435 \u043a\u043e\u0441\u043c\u0435\u0442\u043e\u043b\u043e\u0433\u0438. \u0414\u043b\u044f \u043a\u0430\u0436\u0434\u043e\u0433\u043e \u043a\u043b\u0438\u0435\u043d\u0442\u0430 \u0441\u043e\u0441\u0442\u0430\u0432\u043b\u044f\u0435\u0442\u0441\u044f\n\u0438\u043d\u0434\u0438\u0432\u0438\u0434\u0443\u0430\u043b\u044c\u043d\u044b\u0439 \u043f\u043b\u0430\u043d \u043f\u0440\u043e\u0446\u0435\u0434\u0443\u0440, \u043a\u043e\u0442\u043e\u0440\u044b\u0439 \u0432\u043a\u043b\u044e\u0447\u0430\u0435\u0442 \u0432 \u0441\u0435\u0431\u044f \u043d\u0435\u043e\u0431\u0445\u043e\u0434\u0438\u043c\u043e\u0435\n\u043a\u043e\u043b\u0438\u0447\u0435\u0441\u0442\u0432\u043e \u043a\u043e\u0441\u043c\u0435\u0442\u0438\u0447\u0435\u0441\u043a\u0438\u0445 \u0441\u0440\u0435\u0434\u0441\u0442\u0432 \u0432 \u0434\u043e\u043f\u043e\u043b\u043d\u0435\u043d\u0438\u0435 \u043a \u0436\u0435\u043b\u0430\u0435\u043c\u044b\u043c \u0443\u0445\u043e\u0434\u043e\u0432\u044b\u043c\n\u043f\u0440\u043e\u0446\u0435\u0434\u0443\u0440\u0430\u043c<\/p>\n<p>\u0420\u0435\u0433\u0443\u043b\u044f\u0440\u043d\u044b\u0435 \u0434\u0438\u0430\u0433\u043d\u043e\u0441\u0442\u0438\u0447\u0435\u0441\u043a\u0438\u0435 \u0432\u0438\u0437\u0438\u0442\u044b \u0433\u0430\u0440\u0430\u043d\u0442\u0438\u0440\u0443\u044e\u0442, \u0447\u0442\u043e \u043f\u0440\u043e\u0433\u0440\u0430\u043c\u043c\u0430 \u043b\u0435\u0447\u0435\u043d\u0438\u044f\n\u0430\u043a\u0442\u0443\u0430\u043b\u044c\u043d\u0430 \u0438 \u043a\u043e\u0440\u0440\u0435\u043a\u0442\u0438\u0440\u0443\u0435\u0442\u0441\u044f \u0432 \u0441\u043e\u043e\u0442\u0432\u0435\u0442\u0441\u0442\u0432\u0438\u0438 \u0441 \u0438\u0437\u043c\u0435\u043d\u0435\u043d\u0438\u044f\u043c\u0438 \u043a\u043e\u0436\u0438 \u043a\u043b\u0438\u0435\u043d\u0442\u0430.\n\u0410\u043d\u0430\u043b\u0438\u0437 \u0444\u0430\u043a\u0442\u0438\u0447\u0435\u0441\u043a\u043e\u0433\u043e \u0441\u043e\u0441\u0442\u043e\u044f\u043d\u0438\u044f \u043a\u043e\u0436\u0438 \u043f\u0440\u0438 \u043f\u0435\u0440\u0432\u043e\u043c \u0434\u0438\u0430\u0433\u043d\u043e\u0441\u0442\u0438\u0447\u0435\u0441\u043a\u043e\u043c \u043f\u043e\u0441\u0435\u0449\u0435\u043d\u0438\u0438\n\u0434\u0430\u0435\u0442 \u0440\u0435\u043a\u043e\u043c\u0435\u043d\u0434\u0430\u0446\u0438\u0438 \u043e\u0442\u043d\u043e\u0441\u0438\u0442\u0435\u043b\u044c\u043d\u043e \u0441\u043e\u0441\u0442\u043e\u044f\u043d\u0438\u044f \u043a\u043e\u0436\u0438, \u0430 \u0442\u0430\u043a\u0436\u0435 \u043f\u043e\u043c\u043e\u0433\u0430\u0435\u0442 \u0443\u0447\u0438\u0442\u044b\u0432\u0430\u0442\u044c\n\u0432\u043e\u0437\u043c\u043e\u0436\u043d\u044b\u0435 \u043f\u0440\u043e\u0431\u043b\u0435\u043c\u044b \u0432 \u0431\u043e\u043b\u0435\u0435 \u0433\u043b\u0443\u0431\u043e\u043a\u0438\u0445 \u0441\u043b\u043e\u044f\u0445 \u043a\u043e\u0436\u0438.<\/p>\n<p class=\"translation-block\"><a href=\"https:\/\/www.ainolakauneusklinikka.fi\/ru\/laitehoidot\/\" target=\"_self\">Monipuolisesta laitehoitovalikoimastamme<\/a> l\u00f6ytyy vaihtoehtoja my\u00f6s tehokkaampiin hoitoratkaisuihin, mik\u00e4li niihin on tarvetta. N\u00e4it\u00e4 vaihtoehtoja tutkitaan yhdess\u00e4 kosmetologin kanssa, jolloin kanta-asiakkuudelle saadaan paras mahdollinen sis\u00e4lt\u00f6.&nbsp;My\u00f6s muita kosmetologipalveluja r\u00e4\u00e4t\u00e4l\u00f6id\u00e4\u00e4n kanta-asiakkaan tarpeen mukaan.<\/p>\n<p>\u041d\u0430\u0438\u043b\u0443\u0447\u0448\u0443\u044e \u0438\u043d\u0444\u043e\u0440\u043c\u0430\u0446\u0438\u044e \u043e\u0431\u043e \u0432\u0441\u0435\u0445 \u0432\u043e\u043f\u0440\u043e\u0441\u0430\u0445, \u0441\u0432\u044f\u0437\u0430\u043d\u043d\u044b\u0445 \u0441 \u0430\u043f\u043f\u0430\u0440\u0430\u0442\u043d\u044b\u043c\u0438\n\u043f\u0440\u043e\u0446\u0435\u0434\u0443\u0440\u0430\u043c\u0438 \u0438 \u0434\u0440\u0443\u0433\u0438\u043c\u0438 \u0443\u0441\u043b\u0443\u0433\u0430\u043c\u0438, \u043c\u043e\u0436\u043d\u043e \u043f\u043e\u043b\u0443\u0447\u0438\u0442\u044c \u0443 \u043a\u043e\u043d\u0441\u0443\u043b\u044c\u0442\u0430\u043d\u0442\u043e\u0432 \u043f\u043e \u043a\u0440\u0430\u0441\u043e\u0442\u0435\n\u043d\u0430 \u043f\u0435\u0440\u0432\u043e\u043c \u0431\u0435\u0441\u043f\u043b\u0430\u0442\u043d\u043e\u043c \u043f\u0440\u0438\u0435\u043c\u0435 \u0438 \u0432 \u0434\u0430\u043b\u044c\u043d\u0435\u0439\u0448\u0435\u043c \u0443 \u043a\u043e\u0441\u043c\u0435\u0442\u043e\u043b\u043e\u0433\u043e\u0432.\n\u0418\u043d\u0434\u0438\u0432\u0438\u0434\u0443\u0430\u043b\u044c\u043d\u044b\u0435 \u043f\u043e\u0442\u0440\u0435\u0431\u043d\u043e\u0441\u0442\u0438 \u043a\u0430\u0436\u0434\u043e\u0433\u043e \u043f\u043e\u0441\u0442\u043e\u044f\u043d\u043d\u043e\u0433\u043e \u043a\u043b\u0438\u0435\u043d\u0442\u0430 \u0442\u0430\u043a\u0436\u0435 \u0443\u0447\u0438\u0442\u044b\u0432\u0430\u044e\u0442\u0441\u044f\n\u0432 \u0441\u043e\u043e\u0442\u0432\u0435\u0442\u0441\u0442\u0432\u0438\u0438 \u0441 \u0432\u044b\u0431\u0440\u0430\u043d\u043d\u044b\u043c \u043f\u0440\u043e\u0434\u0443\u043a\u0442\u043e\u043c \u0438\u043b\u0438 \u0441\u0435\u0440\u0438\u0435\u0439 \u043f\u0440\u043e\u0446\u0435\u0434\u0443\u0440 \u0441 \u0434\u0440\u0443\u0433\u0438\u043c\u0438\n\u043f\u0440\u0435\u0438\u043c\u0443\u0449\u0435\u0441\u0442\u0432\u0430\u043c\u0438 \u0434\u043b\u044f \u043a\u043b\u0438\u0435\u043d\u0442\u043e\u0432.<\/p>\t\t\t\t\t\t\t\t<\/div>\n\t\t\t\t<\/div>\n\t\t\t\t\t<\/div>\n\t\t<\/div>\n\t\t\t\t\t<\/div>\n\t\t<\/section>\n\t\t\t\t<\/div>","protected":false},"excerpt":{"rendered":"<p>Kanta-asiakkuus ja j\u00e4lkipalvelut Kanta-asiakkaaksi ryhtymisen my\u00f6t\u00e4 saa mahdollisuuden hy\u00f6dynt\u00e4\u00e4 diagnostiikka-palveluitamme. Ne tehd\u00e4\u00e4n aina p\u00e4\u00e4kosmetologin ja muiden ammattikosmetologien toimesta. Jokaiselle asiakkaalle tehd\u00e4\u00e4n yksil\u00f6llinen kanta-asiakkuussuunnitelma, joka sis\u00e4lt\u00e4\u00e4 halutun tuotepaketin lis\u00e4ksi tarvitun m\u00e4\u00e4r\u00e4n muita hoitotapaamisia. S\u00e4\u00e4nn\u00f6lliset diagnostiikkatapaamiset varmistavat sen, ett\u00e4 hoito-ohjelman noudattaminen on ajantasainen ja muokkautuu asiakkaan ihon muutosten mukaisesti. Ihon todellisen kunnon analysointi aivan ensimm\u00e4isell\u00e4 diagnostiikkak\u00e4ynnill\u00e4 antaa [&hellip;]<\/p>\n","protected":false},"author":6,"featured_media":0,"parent":0,"menu_order":0,"comment_status":"closed","ping_status":"closed","template":"","meta":{"footnotes":""},"yoast_head":"<!-- This site is optimized with the Yoast SEO plugin v23.3 - https:\/\/yoast.com\/wordpress\/plugins\/seo\/ -->\n<title>Kanta-asiakkuus ja j\u00e4lkipalvelut - Ainola kauneusklinikka<\/title>\n<meta name=\"robots\" content=\"index, follow, max-snippet:-1, max-image-preview:large, max-video-preview:-1\" \/>\n<link rel=\"canonical\" href=\"https:\/\/www.ainolakauneusklinikka.fi\/ru\/kanta-asiakkuus-ja-jalkipalvelut\/\" \/>\n<meta property=\"og:locale\" content=\"ru_RU\" \/>\n<meta property=\"og:type\" content=\"article\" \/>\n<meta property=\"og:title\" content=\"Kanta-asiakkuus ja j\u00e4lkipalvelut - Ainola kauneusklinikka\" \/>\n<meta property=\"og:description\" content=\"Kanta-asiakkuus ja j\u00e4lkipalvelut Kanta-asiakkaaksi ryhtymisen my\u00f6t\u00e4 saa mahdollisuuden hy\u00f6dynt\u00e4\u00e4 diagnostiikka-palveluitamme. Ne tehd\u00e4\u00e4n aina p\u00e4\u00e4kosmetologin ja muiden ammattikosmetologien toimesta. Jokaiselle asiakkaalle tehd\u00e4\u00e4n yksil\u00f6llinen kanta-asiakkuussuunnitelma, joka sis\u00e4lt\u00e4\u00e4 halutun tuotepaketin lis\u00e4ksi tarvitun m\u00e4\u00e4r\u00e4n muita hoitotapaamisia. S\u00e4\u00e4nn\u00f6lliset diagnostiikkatapaamiset varmistavat sen, ett\u00e4 hoito-ohjelman noudattaminen on ajantasainen ja muokkautuu asiakkaan ihon muutosten mukaisesti. Ihon todellisen kunnon analysointi aivan ensimm\u00e4isell\u00e4 diagnostiikkak\u00e4ynnill\u00e4 antaa [&hellip;]\" \/>\n<meta property=\"og:url\" content=\"https:\/\/www.ainolakauneusklinikka.fi\/ru\/kanta-asiakkuus-ja-jalkipalvelut\/\" \/>\n<meta property=\"og:site_name\" content=\"Ainola kauneusklinikka\" \/>\n<meta property=\"article:publisher\" content=\"https:\/\/www.facebook.com\/ainolakauneusklinikka.fi\/\" \/>\n<meta property=\"article:modified_time\" content=\"2023-05-12T09:28:58+00:00\" \/>\n<meta name=\"twitter:card\" content=\"summary_large_image\" \/>\n<meta name=\"twitter:label1\" content=\"\u041f\u0440\u0438\u043c\u0435\u0440\u043d\u043e\u0435 \u0432\u0440\u0435\u043c\u044f \u0434\u043b\u044f \u0447\u0442\u0435\u043d\u0438\u044f\" \/>\n\t<meta name=\"twitter:data1\" content=\"1 \u043c\u0438\u043d\u0443\u0442\u0430\" \/>\n<script type=\"application\/ld+json\" class=\"yoast-schema-graph\">{\"@context\":\"https:\/\/schema.org\",\"@graph\":[{\"@type\":\"WebPage\",\"@id\":\"https:\/\/www.ainolakauneusklinikka.fi\/kanta-asiakkuus-ja-jalkipalvelut\/\",\"url\":\"https:\/\/www.ainolakauneusklinikka.fi\/kanta-asiakkuus-ja-jalkipalvelut\/\",\"name\":\"Kanta-asiakkuus ja j\u00e4lkipalvelut - Ainola kauneusklinikka\",\"isPartOf\":{\"@id\":\"https:\/\/www.ainolakauneusklinikka.fi\/#website\"},\"datePublished\":\"2019-04-29T04:24:49+00:00\",\"dateModified\":\"2023-05-12T09:28:58+00:00\",\"breadcrumb\":{\"@id\":\"https:\/\/www.ainolakauneusklinikka.fi\/kanta-asiakkuus-ja-jalkipalvelut\/#breadcrumb\"},\"inLanguage\":\"ru-RU\",\"potentialAction\":[{\"@type\":\"ReadAction\",\"target\":[\"https:\/\/www.ainolakauneusklinikka.fi\/kanta-asiakkuus-ja-jalkipalvelut\/\"]}]},{\"@type\":\"BreadcrumbList\",\"@id\":\"https:\/\/www.ainolakauneusklinikka.fi\/kanta-asiakkuus-ja-jalkipalvelut\/#breadcrumb\",\"itemListElement\":[{\"@type\":\"ListItem\",\"position\":1,\"name\":\"Etusivu\",\"item\":\"https:\/\/www.ainolakauneusklinikka.fi\/\"},{\"@type\":\"ListItem\",\"position\":2,\"name\":\"Kanta-asiakkuus ja j\u00e4lkipalvelut\"}]},{\"@type\":\"WebSite\",\"@id\":\"https:\/\/www.ainolakauneusklinikka.fi\/#website\",\"url\":\"https:\/\/www.ainolakauneusklinikka.fi\/\",\"name\":\"Ainola kauneusklinikka\",\"description\":\"Kauneushoitola Helsingin keskustassa\",\"publisher\":{\"@id\":\"https:\/\/www.ainolakauneusklinikka.fi\/#organization\"},\"potentialAction\":[{\"@type\":\"SearchAction\",\"target\":{\"@type\":\"EntryPoint\",\"urlTemplate\":\"https:\/\/www.ainolakauneusklinikka.fi\/?s={search_term_string}\"},\"query-input\":\"required name=search_term_string\"}],\"inLanguage\":\"ru-RU\"},{\"@type\":\"Organization\",\"@id\":\"https:\/\/www.ainolakauneusklinikka.fi\/#organization\",\"name\":\"Ainola kauneusklinikka\",\"url\":\"https:\/\/www.ainolakauneusklinikka.fi\/\",\"logo\":{\"@type\":\"ImageObject\",\"inLanguage\":\"ru-RU\",\"@id\":\"https:\/\/www.ainolakauneusklinikka.fi\/#\/schema\/logo\/image\/\",\"url\":\"https:\/\/www.ainolakauneusklinikka.fi\/wp-content\/uploads\/2016\/10\/14628043_10154569956212440_1227015686_n-e1477247964928.jpg\",\"contentUrl\":\"https:\/\/www.ainolakauneusklinikka.fi\/wp-content\/uploads\/2016\/10\/14628043_10154569956212440_1227015686_n-e1477247964928.jpg\",\"width\":500,\"height\":162,\"caption\":\"Ainola kauneusklinikka\"},\"image\":{\"@id\":\"https:\/\/www.ainolakauneusklinikka.fi\/#\/schema\/logo\/image\/\"},\"sameAs\":[\"https:\/\/www.facebook.com\/ainolakauneusklinikka.fi\/\",\"https:\/\/www.instagram.com\/ainolakauneusklinikkafi\/\"]}]}<\/script>\n<!-- \/ Yoast SEO plugin. -->","yoast_head_json":{"title":"Kanta-asiakkuus ja j\u00e4lkipalvelut - Ainola kauneusklinikka","robots":{"index":"index","follow":"follow","max-snippet":"max-snippet:-1","max-image-preview":"max-image-preview:large","max-video-preview":"max-video-preview:-1"},"canonical":"https:\/\/www.ainolakauneusklinikka.fi\/ru\/kanta-asiakkuus-ja-jalkipalvelut\/","og_locale":"ru_RU","og_type":"article","og_title":"Kanta-asiakkuus ja j\u00e4lkipalvelut - Ainola kauneusklinikka","og_description":"Kanta-asiakkuus ja j\u00e4lkipalvelut Kanta-asiakkaaksi ryhtymisen my\u00f6t\u00e4 saa mahdollisuuden hy\u00f6dynt\u00e4\u00e4 diagnostiikka-palveluitamme. Ne tehd\u00e4\u00e4n aina p\u00e4\u00e4kosmetologin ja muiden ammattikosmetologien toimesta. Jokaiselle asiakkaalle tehd\u00e4\u00e4n yksil\u00f6llinen kanta-asiakkuussuunnitelma, joka sis\u00e4lt\u00e4\u00e4 halutun tuotepaketin lis\u00e4ksi tarvitun m\u00e4\u00e4r\u00e4n muita hoitotapaamisia. S\u00e4\u00e4nn\u00f6lliset diagnostiikkatapaamiset varmistavat sen, ett\u00e4 hoito-ohjelman noudattaminen on ajantasainen ja muokkautuu asiakkaan ihon muutosten mukaisesti. Ihon todellisen kunnon analysointi aivan ensimm\u00e4isell\u00e4 diagnostiikkak\u00e4ynnill\u00e4 antaa [&hellip;]","og_url":"https:\/\/www.ainolakauneusklinikka.fi\/ru\/kanta-asiakkuus-ja-jalkipalvelut\/","og_site_name":"Ainola kauneusklinikka","article_publisher":"https:\/\/www.facebook.com\/ainolakauneusklinikka.fi\/","article_modified_time":"2023-05-12T09:28:58+00:00","twitter_card":"summary_large_image","twitter_misc":{"\u041f\u0440\u0438\u043c\u0435\u0440\u043d\u043e\u0435 \u0432\u0440\u0435\u043c\u044f \u0434\u043b\u044f \u0447\u0442\u0435\u043d\u0438\u044f":"1 \u043c\u0438\u043d\u0443\u0442\u0430"},"schema":{"@context":"https:\/\/schema.org","@graph":[{"@type":"WebPage","@id":"https:\/\/www.ainolakauneusklinikka.fi\/kanta-asiakkuus-ja-jalkipalvelut\/","url":"https:\/\/www.ainolakauneusklinikka.fi\/kanta-asiakkuus-ja-jalkipalvelut\/","name":"Kanta-asiakkuus ja j\u00e4lkipalvelut - Ainola kauneusklinikka","isPartOf":{"@id":"https:\/\/www.ainolakauneusklinikka.fi\/#website"},"datePublished":"2019-04-29T04:24:49+00:00","dateModified":"2023-05-12T09:28:58+00:00","breadcrumb":{"@id":"https:\/\/www.ainolakauneusklinikka.fi\/kanta-asiakkuus-ja-jalkipalvelut\/#breadcrumb"},"inLanguage":"ru-RU","potentialAction":[{"@type":"ReadAction","target":["https:\/\/www.ainolakauneusklinikka.fi\/kanta-asiakkuus-ja-jalkipalvelut\/"]}]},{"@type":"BreadcrumbList","@id":"https:\/\/www.ainolakauneusklinikka.fi\/kanta-asiakkuus-ja-jalkipalvelut\/#breadcrumb","itemListElement":[{"@type":"ListItem","position":1,"name":"Etusivu","item":"https:\/\/www.ainolakauneusklinikka.fi\/"},{"@type":"ListItem","position":2,"name":"Kanta-asiakkuus ja j\u00e4lkipalvelut"}]},{"@type":"WebSite","@id":"https:\/\/www.ainolakauneusklinikka.fi\/#website","url":"https:\/\/www.ainolakauneusklinikka.fi\/","name":"Ainola kauneusklinikka","description":"Kauneushoitola Helsingin keskustassa","publisher":{"@id":"https:\/\/www.ainolakauneusklinikka.fi\/#organization"},"potentialAction":[{"@type":"SearchAction","target":{"@type":"EntryPoint","urlTemplate":"https:\/\/www.ainolakauneusklinikka.fi\/?s={search_term_string}"},"query-input":"required name=search_term_string"}],"inLanguage":"ru-RU"},{"@type":"Organization","@id":"https:\/\/www.ainolakauneusklinikka.fi\/#organization","name":"Ainola kauneusklinikka","url":"https:\/\/www.ainolakauneusklinikka.fi\/","logo":{"@type":"ImageObject","inLanguage":"ru-RU","@id":"https:\/\/www.ainolakauneusklinikka.fi\/#\/schema\/logo\/image\/","url":"https:\/\/www.ainolakauneusklinikka.fi\/wp-content\/uploads\/2016\/10\/14628043_10154569956212440_1227015686_n-e1477247964928.jpg","contentUrl":"https:\/\/www.ainolakauneusklinikka.fi\/wp-content\/uploads\/2016\/10\/14628043_10154569956212440_1227015686_n-e1477247964928.jpg","width":500,"height":162,"caption":"Ainola kauneusklinikka"},"image":{"@id":"https:\/\/www.ainolakauneusklinikka.fi\/#\/schema\/logo\/image\/"},"sameAs":["https:\/\/www.facebook.com\/ainolakauneusklinikka.fi\/","https:\/\/www.instagram.com\/ainolakauneusklinikkafi\/"]}]}},"_links":{"self":[{"href":"https:\/\/www.ainolakauneusklinikka.fi\/ru\/wp-json\/wp\/v2\/pages\/13288"}],"collection":[{"href":"https:\/\/www.ainolakauneusklinikka.fi\/ru\/wp-json\/wp\/v2\/pages"}],"about":[{"href":"https:\/\/www.ainolakauneusklinikka.fi\/ru\/wp-json\/wp\/v2\/types\/page"}],"author":[{"embeddable":true,"href":"https:\/\/www.ainolakauneusklinikka.fi\/ru\/wp-json\/wp\/v2\/users\/6"}],"replies":[{"embeddable":true,"href":"https:\/\/www.ainolakauneusklinikka.fi\/ru\/wp-json\/wp\/v2\/comments?post=13288"}],"version-history":[{"count":7,"href":"https:\/\/www.ainolakauneusklinikka.fi\/ru\/wp-json\/wp\/v2\/pages\/13288\/revisions"}],"predecessor-version":[{"id":19172,"href":"https:\/\/www.ainolakauneusklinikka.fi\/ru\/wp-json\/wp\/v2\/pages\/13288\/revisions\/19172"}],"wp:attachment":[{"href":"https:\/\/www.ainolakauneusklinikka.fi\/ru\/wp-json\/wp\/v2\/media?parent=13288"}],"curies":[{"name":"wp","href":"https:\/\/api.w.org\/{rel}","templated":true}]}}