{"id":17768,"date":"2022-03-28T12:34:20","date_gmt":"2022-03-28T10:34:20","guid":{"rendered":"https:\/\/www.ainolakauneusklinikka.fi\/?page_id=17768"},"modified":"2023-05-08T10:44:14","modified_gmt":"2023-05-08T08:44:14","slug":"cog-langat","status":"publish","type":"page","link":"https:\/\/www.ainolakauneusklinikka.fi\/en\/cog-langat\/","title":{"rendered":"COG &#8211; langat"},"content":{"rendered":"<div data-elementor-type=\"wp-page\" data-elementor-id=\"17768\" class=\"elementor elementor-17768\" data-elementor-post-type=\"page\">\n\t\t\t\t\t\t<section class=\"elementor-section elementor-top-section elementor-element elementor-element-27cd75e elementor-section-boxed elementor-section-height-default elementor-section-height-default\" data-id=\"27cd75e\" data-element_type=\"section\" data-e-type=\"section\">\n\t\t\t\t\t\t<div class=\"elementor-container elementor-column-gap-default\">\n\t\t\t\t\t<div class=\"elementor-column elementor-col-100 elementor-top-column elementor-element elementor-element-5d6c50c9\" data-id=\"5d6c50c9\" data-element_type=\"column\" data-e-type=\"column\">\n\t\t\t<div class=\"elementor-widget-wrap elementor-element-populated\">\n\t\t\t\t\t\t<div class=\"elementor-element elementor-element-3d10ef7 elementor-widget elementor-widget-heading\" data-id=\"3d10ef7\" data-element_type=\"widget\" data-e-type=\"widget\" data-widget_type=\"heading.default\">\n\t\t\t\t<div class=\"elementor-widget-container\">\n\t\t\t\t\t<h2 class=\"elementor-heading-title elementor-size-default\">COG-THREADS\n<\/h2>\t\t\t\t<\/div>\n\t\t\t\t<\/div>\n\t\t\t\t<div class=\"elementor-element elementor-element-469a571 elementor-widget elementor-widget-text-editor\" data-id=\"469a571\" data-element_type=\"widget\" data-e-type=\"widget\" data-widget_type=\"text-editor.default\">\n\t\t\t\t<div class=\"elementor-widget-container\">\n\t\t\t\t\t\t\t\t\t<p><strong>Cog threads<\/strong> Cog threads are procedures that lift different areas of the face. The barbed wires have small barbs\nthat create a face-lifting effect. The threads are introduced subcutaneously with the help of a\ncannula. When the threads are lifted, the facial features also rise. Sterile barbs melt on their own a\nmonth after the procedure. The results of treatment can be seen immediately after the procedure.\nFor example, threads can be used to raise eyebrows and \"hamster bags\", as well as tighten and lift\ndifferent areas of the face.<\/p><p>Treatment is always preceded by a consultation, where a treatment plan\nis drawn up with a doctor or nurse and the number of threads and the client's wishes are assessed.\nAfter treatment, swelling and redness may occur.<\/p><p>Unevenness and ripple of the skin may occur in the\ntreated area for a few weeks after the procedure, after a month the skin is smoothed. The ripple is\ncaused by the tightening under the skin brought by the thread.<\/p>\t\t\t\t\t\t\t\t<\/div>\n\t\t\t\t<\/div>\n\t\t\t\t<div class=\"elementor-element elementor-element-01c636d elementor-widget elementor-widget-image\" data-id=\"01c636d\" data-element_type=\"widget\" data-e-type=\"widget\" data-widget_type=\"image.default\">\n\t\t\t\t<div class=\"elementor-widget-container\">\n\t\t\t\t\t\t\t\t\t\t\t\t\t\t\t<img fetchpriority=\"high\" decoding=\"async\" width=\"800\" height=\"419\" src=\"https:\/\/www.ainolakauneusklinikka.fi\/wp-content\/uploads\/2023\/05\/91-1024x536.png\" class=\"attachment-large size-large wp-image-18989\" alt=\"\" srcset=\"https:\/\/www.ainolakauneusklinikka.fi\/wp-content\/uploads\/2023\/05\/91-1024x536.png 1024w, https:\/\/www.ainolakauneusklinikka.fi\/wp-content\/uploads\/2023\/05\/91-300x157.png 300w, https:\/\/www.ainolakauneusklinikka.fi\/wp-content\/uploads\/2023\/05\/91-768x402.png 768w, https:\/\/www.ainolakauneusklinikka.fi\/wp-content\/uploads\/2023\/05\/91.png 1200w\" sizes=\"(max-width: 800px) 100vw, 800px\" \/>\t\t\t\t\t\t\t\t\t\t\t\t\t\t\t<\/div>\n\t\t\t\t<\/div>\n\t\t\t\t\t<\/div>\n\t\t<\/div>\n\t\t\t\t\t<\/div>\n\t\t<\/section>\n\t\t\t\t<\/div>","protected":false},"excerpt":{"rendered":"<p>COG \u2013 langat Cog-langat eli v\u00e4k\u00e4slangat ovat toimenpiteit\u00e4, joissa kohotetaan kasvojen eri alueita. V\u00e4k\u00e4slangoissa on pieni\u00e4 v\u00e4k\u00e4si\u00e4, jotka saavat aikaan kasvoja kohottavan vaikutuksen. Langat vied\u00e4\u00e4n ihon alle kanyylin avulla. Kun lankoja nostetaan, my\u00f6s kasvojen piirteet nousevat. Steriilit v\u00e4k\u00e4slangat sulavat itsest\u00e4\u00e4n kuukausen p\u00e4\u00e4st\u00e4 toimenpiteest\u00e4. Hoidon tulokset n\u00e4kyv\u00e4t heti toimenpiteen j\u00e4lkeen. Langoilla voi esimerkiksi nostaa kulmia ja [&hellip;]<\/p>\n","protected":false},"author":29,"featured_media":0,"parent":0,"menu_order":0,"comment_status":"closed","ping_status":"closed","template":"","meta":{"footnotes":""},"class_list":["post-17768","page","type-page","status-publish","hentry"],"yoast_head":"<!-- This site is optimized with the Yoast SEO plugin v27.5 - https:\/\/yoast.com\/product\/yoast-seo-wordpress\/ -->\n<title>COG - langat - Ainola kauneusklinikka<\/title>\n<meta name=\"robots\" content=\"index, follow, max-snippet:-1, max-image-preview:large, max-video-preview:-1\" \/>\n<link rel=\"canonical\" href=\"https:\/\/www.ainolakauneusklinikka.fi\/en\/cog-langat\/\" \/>\n<meta property=\"og:locale\" content=\"en_GB\" \/>\n<meta property=\"og:type\" content=\"article\" \/>\n<meta property=\"og:title\" content=\"COG - langat - Ainola kauneusklinikka\" \/>\n<meta property=\"og:description\" content=\"COG \u2013 langat Cog-langat eli v\u00e4k\u00e4slangat ovat toimenpiteit\u00e4, joissa kohotetaan kasvojen eri alueita. V\u00e4k\u00e4slangoissa on pieni\u00e4 v\u00e4k\u00e4si\u00e4, jotka saavat aikaan kasvoja kohottavan vaikutuksen. Langat vied\u00e4\u00e4n ihon alle kanyylin avulla. Kun lankoja nostetaan, my\u00f6s kasvojen piirteet nousevat. Steriilit v\u00e4k\u00e4slangat sulavat itsest\u00e4\u00e4n kuukausen p\u00e4\u00e4st\u00e4 toimenpiteest\u00e4. Hoidon tulokset n\u00e4kyv\u00e4t heti toimenpiteen j\u00e4lkeen. Langoilla voi esimerkiksi nostaa kulmia ja [&hellip;]\" \/>\n<meta property=\"og:url\" content=\"https:\/\/www.ainolakauneusklinikka.fi\/en\/cog-langat\/\" \/>\n<meta property=\"og:site_name\" content=\"Ainola kauneusklinikka\" \/>\n<meta property=\"article:publisher\" content=\"https:\/\/www.facebook.com\/ainolakauneusklinikka.fi\/\" \/>\n<meta property=\"article:modified_time\" content=\"2023-05-08T08:44:14+00:00\" \/>\n<meta property=\"og:image\" content=\"https:\/\/www.ainolakauneusklinikka.fi\/wp-content\/uploads\/2023\/05\/91-1024x536.png\" \/>\n<meta name=\"twitter:card\" content=\"summary_large_image\" \/>\n<meta name=\"twitter:label1\" content=\"Estimated reading time\" \/>\n\t<meta name=\"twitter:data1\" content=\"1 minute\" \/>\n<script type=\"application\/ld+json\" class=\"yoast-schema-graph\">{\"@context\":\"https:\\\/\\\/schema.org\",\"@graph\":[{\"@type\":\"WebPage\",\"@id\":\"https:\\\/\\\/www.ainolakauneusklinikka.fi\\\/cog-langat\\\/\",\"url\":\"https:\\\/\\\/www.ainolakauneusklinikka.fi\\\/cog-langat\\\/\",\"name\":\"COG - langat - Ainola kauneusklinikka\",\"isPartOf\":{\"@id\":\"https:\\\/\\\/www.ainolakauneusklinikka.fi\\\/#website\"},\"primaryImageOfPage\":{\"@id\":\"https:\\\/\\\/www.ainolakauneusklinikka.fi\\\/cog-langat\\\/#primaryimage\"},\"image\":{\"@id\":\"https:\\\/\\\/www.ainolakauneusklinikka.fi\\\/cog-langat\\\/#primaryimage\"},\"thumbnailUrl\":\"https:\\\/\\\/www.ainolakauneusklinikka.fi\\\/wp-content\\\/uploads\\\/2023\\\/05\\\/91-1024x536.png\",\"datePublished\":\"2022-03-28T10:34:20+00:00\",\"dateModified\":\"2023-05-08T08:44:14+00:00\",\"breadcrumb\":{\"@id\":\"https:\\\/\\\/www.ainolakauneusklinikka.fi\\\/cog-langat\\\/#breadcrumb\"},\"inLanguage\":\"en-GB\",\"potentialAction\":[{\"@type\":\"ReadAction\",\"target\":[\"https:\\\/\\\/www.ainolakauneusklinikka.fi\\\/cog-langat\\\/\"]}]},{\"@type\":\"ImageObject\",\"inLanguage\":\"en-GB\",\"@id\":\"https:\\\/\\\/www.ainolakauneusklinikka.fi\\\/cog-langat\\\/#primaryimage\",\"url\":\"https:\\\/\\\/www.ainolakauneusklinikka.fi\\\/wp-content\\\/uploads\\\/2023\\\/05\\\/91-1024x536.png\",\"contentUrl\":\"https:\\\/\\\/www.ainolakauneusklinikka.fi\\\/wp-content\\\/uploads\\\/2023\\\/05\\\/91-1024x536.png\"},{\"@type\":\"BreadcrumbList\",\"@id\":\"https:\\\/\\\/www.ainolakauneusklinikka.fi\\\/cog-langat\\\/#breadcrumb\",\"itemListElement\":[{\"@type\":\"ListItem\",\"position\":1,\"name\":\"Etusivu\",\"item\":\"https:\\\/\\\/www.ainolakauneusklinikka.fi\\\/\"},{\"@type\":\"ListItem\",\"position\":2,\"name\":\"COG &#8211; langat\"}]},{\"@type\":\"WebSite\",\"@id\":\"https:\\\/\\\/www.ainolakauneusklinikka.fi\\\/#website\",\"url\":\"https:\\\/\\\/www.ainolakauneusklinikka.fi\\\/\",\"name\":\"Ainola kauneusklinikka\",\"description\":\"Kauneushoitola Helsingin keskustassa\",\"publisher\":{\"@id\":\"https:\\\/\\\/www.ainolakauneusklinikka.fi\\\/#organization\"},\"potentialAction\":[{\"@type\":\"SearchAction\",\"target\":{\"@type\":\"EntryPoint\",\"urlTemplate\":\"https:\\\/\\\/www.ainolakauneusklinikka.fi\\\/?s={search_term_string}\"},\"query-input\":{\"@type\":\"PropertyValueSpecification\",\"valueRequired\":true,\"valueName\":\"search_term_string\"}}],\"inLanguage\":\"en-GB\"},{\"@type\":\"Organization\",\"@id\":\"https:\\\/\\\/www.ainolakauneusklinikka.fi\\\/#organization\",\"name\":\"Ainola kauneusklinikka\",\"url\":\"https:\\\/\\\/www.ainolakauneusklinikka.fi\\\/\",\"logo\":{\"@type\":\"ImageObject\",\"inLanguage\":\"en-GB\",\"@id\":\"https:\\\/\\\/www.ainolakauneusklinikka.fi\\\/#\\\/schema\\\/logo\\\/image\\\/\",\"url\":\"https:\\\/\\\/www.ainolakauneusklinikka.fi\\\/wp-content\\\/uploads\\\/2016\\\/10\\\/14628043_10154569956212440_1227015686_n-e1477247964928.jpg\",\"contentUrl\":\"https:\\\/\\\/www.ainolakauneusklinikka.fi\\\/wp-content\\\/uploads\\\/2016\\\/10\\\/14628043_10154569956212440_1227015686_n-e1477247964928.jpg\",\"width\":500,\"height\":162,\"caption\":\"Ainola kauneusklinikka\"},\"image\":{\"@id\":\"https:\\\/\\\/www.ainolakauneusklinikka.fi\\\/#\\\/schema\\\/logo\\\/image\\\/\"},\"sameAs\":[\"https:\\\/\\\/www.facebook.com\\\/ainolakauneusklinikka.fi\\\/\",\"https:\\\/\\\/www.instagram.com\\\/ainolakauneusklinikkafi\\\/\"]}]}<\/script>\n<!-- \/ Yoast SEO plugin. -->","yoast_head_json":{"title":"COG - langat - Ainola kauneusklinikka","robots":{"index":"index","follow":"follow","max-snippet":"max-snippet:-1","max-image-preview":"max-image-preview:large","max-video-preview":"max-video-preview:-1"},"canonical":"https:\/\/www.ainolakauneusklinikka.fi\/en\/cog-langat\/","og_locale":"en_GB","og_type":"article","og_title":"COG - langat - Ainola kauneusklinikka","og_description":"COG \u2013 langat Cog-langat eli v\u00e4k\u00e4slangat ovat toimenpiteit\u00e4, joissa kohotetaan kasvojen eri alueita. V\u00e4k\u00e4slangoissa on pieni\u00e4 v\u00e4k\u00e4si\u00e4, jotka saavat aikaan kasvoja kohottavan vaikutuksen. Langat vied\u00e4\u00e4n ihon alle kanyylin avulla. Kun lankoja nostetaan, my\u00f6s kasvojen piirteet nousevat. Steriilit v\u00e4k\u00e4slangat sulavat itsest\u00e4\u00e4n kuukausen p\u00e4\u00e4st\u00e4 toimenpiteest\u00e4. Hoidon tulokset n\u00e4kyv\u00e4t heti toimenpiteen j\u00e4lkeen. Langoilla voi esimerkiksi nostaa kulmia ja [&hellip;]","og_url":"https:\/\/www.ainolakauneusklinikka.fi\/en\/cog-langat\/","og_site_name":"Ainola kauneusklinikka","article_publisher":"https:\/\/www.facebook.com\/ainolakauneusklinikka.fi\/","article_modified_time":"2023-05-08T08:44:14+00:00","og_image":[{"url":"https:\/\/www.ainolakauneusklinikka.fi\/wp-content\/uploads\/2023\/05\/91-1024x536.png","type":"","width":"","height":""}],"twitter_card":"summary_large_image","twitter_misc":{"Estimated reading time":"1 minute"},"schema":{"@context":"https:\/\/schema.org","@graph":[{"@type":"WebPage","@id":"https:\/\/www.ainolakauneusklinikka.fi\/cog-langat\/","url":"https:\/\/www.ainolakauneusklinikka.fi\/cog-langat\/","name":"COG - langat - Ainola kauneusklinikka","isPartOf":{"@id":"https:\/\/www.ainolakauneusklinikka.fi\/#website"},"primaryImageOfPage":{"@id":"https:\/\/www.ainolakauneusklinikka.fi\/cog-langat\/#primaryimage"},"image":{"@id":"https:\/\/www.ainolakauneusklinikka.fi\/cog-langat\/#primaryimage"},"thumbnailUrl":"https:\/\/www.ainolakauneusklinikka.fi\/wp-content\/uploads\/2023\/05\/91-1024x536.png","datePublished":"2022-03-28T10:34:20+00:00","dateModified":"2023-05-08T08:44:14+00:00","breadcrumb":{"@id":"https:\/\/www.ainolakauneusklinikka.fi\/cog-langat\/#breadcrumb"},"inLanguage":"en-GB","potentialAction":[{"@type":"ReadAction","target":["https:\/\/www.ainolakauneusklinikka.fi\/cog-langat\/"]}]},{"@type":"ImageObject","inLanguage":"en-GB","@id":"https:\/\/www.ainolakauneusklinikka.fi\/cog-langat\/#primaryimage","url":"https:\/\/www.ainolakauneusklinikka.fi\/wp-content\/uploads\/2023\/05\/91-1024x536.png","contentUrl":"https:\/\/www.ainolakauneusklinikka.fi\/wp-content\/uploads\/2023\/05\/91-1024x536.png"},{"@type":"BreadcrumbList","@id":"https:\/\/www.ainolakauneusklinikka.fi\/cog-langat\/#breadcrumb","itemListElement":[{"@type":"ListItem","position":1,"name":"Etusivu","item":"https:\/\/www.ainolakauneusklinikka.fi\/"},{"@type":"ListItem","position":2,"name":"COG &#8211; langat"}]},{"@type":"WebSite","@id":"https:\/\/www.ainolakauneusklinikka.fi\/#website","url":"https:\/\/www.ainolakauneusklinikka.fi\/","name":"Ainola kauneusklinikka","description":"Kauneushoitola Helsingin keskustassa","publisher":{"@id":"https:\/\/www.ainolakauneusklinikka.fi\/#organization"},"potentialAction":[{"@type":"SearchAction","target":{"@type":"EntryPoint","urlTemplate":"https:\/\/www.ainolakauneusklinikka.fi\/?s={search_term_string}"},"query-input":{"@type":"PropertyValueSpecification","valueRequired":true,"valueName":"search_term_string"}}],"inLanguage":"en-GB"},{"@type":"Organization","@id":"https:\/\/www.ainolakauneusklinikka.fi\/#organization","name":"Ainola kauneusklinikka","url":"https:\/\/www.ainolakauneusklinikka.fi\/","logo":{"@type":"ImageObject","inLanguage":"en-GB","@id":"https:\/\/www.ainolakauneusklinikka.fi\/#\/schema\/logo\/image\/","url":"https:\/\/www.ainolakauneusklinikka.fi\/wp-content\/uploads\/2016\/10\/14628043_10154569956212440_1227015686_n-e1477247964928.jpg","contentUrl":"https:\/\/www.ainolakauneusklinikka.fi\/wp-content\/uploads\/2016\/10\/14628043_10154569956212440_1227015686_n-e1477247964928.jpg","width":500,"height":162,"caption":"Ainola kauneusklinikka"},"image":{"@id":"https:\/\/www.ainolakauneusklinikka.fi\/#\/schema\/logo\/image\/"},"sameAs":["https:\/\/www.facebook.com\/ainolakauneusklinikka.fi\/","https:\/\/www.instagram.com\/ainolakauneusklinikkafi\/"]}]}},"_links":{"self":[{"href":"https:\/\/www.ainolakauneusklinikka.fi\/en\/wp-json\/wp\/v2\/pages\/17768","targetHints":{"allow":["GET"]}}],"collection":[{"href":"https:\/\/www.ainolakauneusklinikka.fi\/en\/wp-json\/wp\/v2\/pages"}],"about":[{"href":"https:\/\/www.ainolakauneusklinikka.fi\/en\/wp-json\/wp\/v2\/types\/page"}],"author":[{"embeddable":true,"href":"https:\/\/www.ainolakauneusklinikka.fi\/en\/wp-json\/wp\/v2\/users\/29"}],"replies":[{"embeddable":true,"href":"https:\/\/www.ainolakauneusklinikka.fi\/en\/wp-json\/wp\/v2\/comments?post=17768"}],"version-history":[{"count":12,"href":"https:\/\/www.ainolakauneusklinikka.fi\/en\/wp-json\/wp\/v2\/pages\/17768\/revisions"}],"predecessor-version":[{"id":18992,"href":"https:\/\/www.ainolakauneusklinikka.fi\/en\/wp-json\/wp\/v2\/pages\/17768\/revisions\/18992"}],"wp:attachment":[{"href":"https:\/\/www.ainolakauneusklinikka.fi\/en\/wp-json\/wp\/v2\/media?parent=17768"}],"curies":[{"name":"wp","href":"https:\/\/api.w.org\/{rel}","templated":true}]}}