{"id":16568,"date":"2021-02-15T10:05:10","date_gmt":"2021-02-15T08:05:10","guid":{"rendered":"https:\/\/www.ainolakauneusklinikka.fi\/?page_id=16568"},"modified":"2021-02-17T11:58:59","modified_gmt":"2021-02-17T09:58:59","slug":"covid-19","status":"publish","type":"page","link":"https:\/\/www.ainolakauneusklinikka.fi\/en\/covid-19\/","title":{"rendered":"COVID-19"},"content":{"rendered":"<div data-elementor-type=\"wp-page\" data-elementor-id=\"16568\" class=\"elementor elementor-16568\" data-elementor-post-type=\"page\">\n\t\t\t\t\t\t<section class=\"elementor-section elementor-top-section elementor-element elementor-element-79f5f40 elementor-section-stretched elementor-section-boxed elementor-section-height-default elementor-section-height-default\" data-id=\"79f5f40\" data-element_type=\"section\" data-settings=\"{&quot;stretch_section&quot;:&quot;section-stretched&quot;}\">\n\t\t\t\t\t\t<div class=\"elementor-container elementor-column-gap-default\">\n\t\t\t\t\t<div class=\"elementor-column elementor-col-100 elementor-top-column elementor-element elementor-element-aaacc19\" data-id=\"aaacc19\" data-element_type=\"column\">\n\t\t\t<div class=\"elementor-widget-wrap elementor-element-populated\">\n\t\t\t\t\t\t<div class=\"elementor-element elementor-element-1581438 elementor-widget elementor-widget-heading\" data-id=\"1581438\" data-element_type=\"widget\" data-widget_type=\"heading.default\">\n\t\t\t\t<div class=\"elementor-widget-container\">\n\t\t\t\t\t<h2 class=\"elementor-heading-title elementor-size-default\">T\u00c4RKE\u00c4\u00c4 TIETOA<\/h2>\t\t\t\t<\/div>\n\t\t\t\t<\/div>\n\t\t\t\t<div class=\"elementor-element elementor-element-9a2bf21 elementor-widget elementor-widget-text-editor\" data-id=\"9a2bf21\" data-element_type=\"widget\" data-widget_type=\"text-editor.default\">\n\t\t\t\t<div class=\"elementor-widget-container\">\n\t\t\t\t\t\t\t\t\t<p>Ensimm\u00e4iseksi haluamme l\u00e4mpim\u00e4sti kiitt\u00e4\u00e4 teit\u00e4 uskollisesta asiakkuudestanne. Ainola Kauneusklinikka pysyy auki my\u00f6s n\u00e4in\u00e4 vaikeina aikoina, jotta voitte antaa itsellenne aikaa. Vallitseva tilanne maailmalla on stressaavaa meille kaikille, juuri t\u00e4llaisina aikoina itsest\u00e4\u00e4n huolehtiminen on ensiarvoisen t\u00e4rke\u00e4\u00e4. Huolehdi kauneudestasi, turvallisesti.<\/p><p>Asiakkaidemme ja ty\u00f6ntekij\u00f6imme turvallisuus ja terveys ovat t\u00e4rkein prioriteettimme. Kuten aiemmin, vierailullanne klinikallamme tarjoamme puhtaan ja turvallisen ymp\u00e4rist\u00f6n. Olemme ottaneet k\u00e4ytt\u00f6\u00f6n useita ennaltaehk\u00e4isevi\u00e4 toimia p\u00e4ivitt\u00e4isten puhdistus- ja hygieniatoimien lis\u00e4ksi.<\/p>\t\t\t\t\t\t\t\t<\/div>\n\t\t\t\t<\/div>\n\t\t\t\t<div class=\"elementor-element elementor-element-7eab733 elementor-widget elementor-widget-spacer\" data-id=\"7eab733\" data-element_type=\"widget\" data-widget_type=\"spacer.default\">\n\t\t\t\t<div class=\"elementor-widget-container\">\n\t\t\t\t\t\t\t<div class=\"elementor-spacer\">\n\t\t\t<div class=\"elementor-spacer-inner\"><\/div>\n\t\t<\/div>\n\t\t\t\t\t\t<\/div>\n\t\t\t\t<\/div>\n\t\t\t\t<div class=\"elementor-element elementor-element-dc110e7 elementor-widget elementor-widget-heading\" data-id=\"dc110e7\" data-element_type=\"widget\" data-widget_type=\"heading.default\">\n\t\t\t\t<div class=\"elementor-widget-container\">\n\t\t\t\t\t<h2 class=\"elementor-heading-title elementor-size-default\">Terveys- ja turvallisuusk\u00e4yt\u00e4nt\u00f6mme sis\u00e4lt\u00e4v\u00e4t:<\/h2>\t\t\t\t<\/div>\n\t\t\t\t<\/div>\n\t\t\t\t<section class=\"elementor-section elementor-inner-section elementor-element elementor-element-db8bed1 elementor-section-boxed elementor-section-height-default elementor-section-height-default\" data-id=\"db8bed1\" data-element_type=\"section\">\n\t\t\t\t\t\t<div class=\"elementor-container elementor-column-gap-default\">\n\t\t\t\t\t<div class=\"elementor-column elementor-col-50 elementor-inner-column elementor-element elementor-element-5ee51ac\" data-id=\"5ee51ac\" data-element_type=\"column\">\n\t\t\t<div class=\"elementor-widget-wrap elementor-element-populated\">\n\t\t\t\t\t\t<div class=\"elementor-element elementor-element-b1bcf5b elementor-list-item-link-full_width elementor-widget elementor-widget-icon-list\" data-id=\"b1bcf5b\" data-element_type=\"widget\" data-widget_type=\"icon-list.default\">\n\t\t\t\t<div class=\"elementor-widget-container\">\n\t\t\t\t\t\t\t<ul class=\"elementor-icon-list-items\">\n\t\t\t\t\t\t\t<li class=\"elementor-icon-list-item\">\n\t\t\t\t\t\t\t\t\t\t\t<span class=\"elementor-icon-list-icon\">\n\t\t\t\t\t\t\t<i aria-hidden=\"true\" class=\"icon icon-right-arrow2\"><\/i>\t\t\t\t\t\t<\/span>\n\t\t\t\t\t\t\t\t\t\t<span class=\"elementor-icon-list-text\">Turvav\u00e4lien noudattaminen odotustiloissa ja muilla klinikan vapaasti liikuttavissa tiloissa.<\/span>\n\t\t\t\t\t\t\t\t\t<\/li>\n\t\t\t\t\t\t\t\t<li class=\"elementor-icon-list-item\">\n\t\t\t\t\t\t\t\t\t\t\t<span class=\"elementor-icon-list-icon\">\n\t\t\t\t\t\t\t<i aria-hidden=\"true\" class=\"icon icon-right-arrow2\"><\/i>\t\t\t\t\t\t<\/span>\n\t\t\t\t\t\t\t\t\t\t<span class=\"elementor-icon-list-text\">K\u00e4sien pesu ennen ja j\u00e4lkeen hoidon, sek\u00e4 ty\u00f6ntekij\u00e4n poistuessa ja tullessa klinikalle.<\/span>\n\t\t\t\t\t\t\t\t\t<\/li>\n\t\t\t\t\t\t\t\t<li class=\"elementor-icon-list-item\">\n\t\t\t\t\t\t\t\t\t\t\t<span class=\"elementor-icon-list-icon\">\n\t\t\t\t\t\t\t<i aria-hidden=\"true\" class=\"icon icon-right-arrow2\"><\/i>\t\t\t\t\t\t<\/span>\n\t\t\t\t\t\t\t\t\t\t<span class=\"elementor-icon-list-text\">Ty\u00f6k\u00e4yt\u00f6ss\u00e4 olevat pinnat puhdistetaan sairaalak\u00e4ytt\u00f6\u00f6n tarkoitetuilla desinfiointiaineilla jokaisen hoidon j\u00e4lkeen.<\/span>\n\t\t\t\t\t\t\t\t\t<\/li>\n\t\t\t\t\t\t\t\t<li class=\"elementor-icon-list-item\">\n\t\t\t\t\t\t\t\t\t\t\t<span class=\"elementor-icon-list-icon\">\n\t\t\t\t\t\t\t<i aria-hidden=\"true\" class=\"icon icon-right-arrow2\"><\/i>\t\t\t\t\t\t<\/span>\n\t\t\t\t\t\t\t\t\t\t<span class=\"elementor-icon-list-text\">Jokainen hoidon tekev\u00e4 henkil\u00f6 k\u00e4ytt\u00e4\u00e4 k\u00e4sineit\u00e4 ja maskia kaikilla vastaanotoilla.<\/span>\n\t\t\t\t\t\t\t\t\t<\/li>\n\t\t\t\t\t\t\t\t<li class=\"elementor-icon-list-item\">\n\t\t\t\t\t\t\t\t\t\t\t<span class=\"elementor-icon-list-icon\">\n\t\t\t\t\t\t\t<i aria-hidden=\"true\" class=\"icon icon-right-arrow2\"><\/i>\t\t\t\t\t\t<\/span>\n\t\t\t\t\t\t\t\t\t\t<span class=\"elementor-icon-list-text\">Peitteet ja otsapannat vaihdetaan jokaisen hoidon j\u00e4lkeen.<\/span>\n\t\t\t\t\t\t\t\t\t<\/li>\n\t\t\t\t\t\t\t\t<li class=\"elementor-icon-list-item\">\n\t\t\t\t\t\t\t\t\t\t\t<span class=\"elementor-icon-list-icon\">\n\t\t\t\t\t\t\t<i aria-hidden=\"true\" class=\"icon icon-right-arrow2\"><\/i>\t\t\t\t\t\t<\/span>\n\t\t\t\t\t\t\t\t\t\t<span class=\"elementor-icon-list-text\">Klinikkaa desinfioidaan useita kertoja p\u00e4iv\u00e4ss\u00e4.<\/span>\n\t\t\t\t\t\t\t\t\t<\/li>\n\t\t\t\t\t\t\t\t<li class=\"elementor-icon-list-item\">\n\t\t\t\t\t\t\t\t\t\t\t<span class=\"elementor-icon-list-icon\">\n\t\t\t\t\t\t\t<i aria-hidden=\"true\" class=\"icon icon-right-arrow2\"><\/i>\t\t\t\t\t\t<\/span>\n\t\t\t\t\t\t\t\t\t\t<span class=\"elementor-icon-list-text\">Ty\u00f6ntekij\u00f6it\u00e4 on kielletty tulemasta ty\u00f6paikalle, mik\u00e4li he kokevat flunssaan tai vilustumiseen liittyvi\u00e4 tuntemuksia tai oireita (kuten ysk\u00e4\u00e4, nuhaa, vuotavaa nen\u00e4\u00e4, kurkkukipua tai kuumetta. )<\/span>\n\t\t\t\t\t\t\t\t\t<\/li>\n\t\t\t\t\t\t\t\t<li class=\"elementor-icon-list-item\">\n\t\t\t\t\t\t\t\t\t\t\t<span class=\"elementor-icon-list-icon\">\n\t\t\t\t\t\t\t<i aria-hidden=\"true\" class=\"icon icon-right-arrow2\"><\/i>\t\t\t\t\t\t<\/span>\n\t\t\t\t\t\t\t\t\t\t<span class=\"elementor-icon-list-text\">Tarjoamme maskeja asiakkaillemme, ja pyyd\u00e4mmekin teit\u00e4 yst\u00e4v\u00e4llisesti pit\u00e4m\u00e4\u00e4n maskia vierailunne ajan.<\/span>\n\t\t\t\t\t\t\t\t\t<\/li>\n\t\t\t\t\t\t<\/ul>\n\t\t\t\t\t\t<\/div>\n\t\t\t\t<\/div>\n\t\t\t\t\t<\/div>\n\t\t<\/div>\n\t\t\t\t<div class=\"elementor-column elementor-col-50 elementor-inner-column elementor-element elementor-element-fbf32c9\" data-id=\"fbf32c9\" data-element_type=\"column\">\n\t\t\t<div class=\"elementor-widget-wrap elementor-element-populated\">\n\t\t\t\t\t\t<div class=\"elementor-element elementor-element-e074983 elementor-widget elementor-widget-image\" data-id=\"e074983\" data-element_type=\"widget\" data-widget_type=\"image.default\">\n\t\t\t\t<div class=\"elementor-widget-container\">\n\t\t\t\t\t\t\t\t\t\t\t\t\t\t\t<img fetchpriority=\"high\" decoding=\"async\" width=\"768\" height=\"1024\" src=\"https:\/\/www.ainolakauneusklinikka.fi\/wp-content\/uploads\/2021\/02\/IMG_20210210_182737-768x1024.jpg\" class=\"attachment-medium_large size-medium_large wp-image-16571\" alt=\"\" srcset=\"https:\/\/www.ainolakauneusklinikka.fi\/wp-content\/uploads\/2021\/02\/IMG_20210210_182737-768x1024.jpg 768w, https:\/\/www.ainolakauneusklinikka.fi\/wp-content\/uploads\/2021\/02\/IMG_20210210_182737-225x300.jpg 225w, https:\/\/www.ainolakauneusklinikka.fi\/wp-content\/uploads\/2021\/02\/IMG_20210210_182737-1152x1536.jpg 1152w, https:\/\/www.ainolakauneusklinikka.fi\/wp-content\/uploads\/2021\/02\/IMG_20210210_182737-1536x2048.jpg 1536w, https:\/\/www.ainolakauneusklinikka.fi\/wp-content\/uploads\/2021\/02\/IMG_20210210_182737-1020x1360.jpg 1020w, https:\/\/www.ainolakauneusklinikka.fi\/wp-content\/uploads\/2021\/02\/IMG_20210210_182737-2040x2720.jpg 2040w, https:\/\/www.ainolakauneusklinikka.fi\/wp-content\/uploads\/2021\/02\/IMG_20210210_182737-495x660.jpg 495w, https:\/\/www.ainolakauneusklinikka.fi\/wp-content\/uploads\/2021\/02\/IMG_20210210_182737-990x1320.jpg 990w, https:\/\/www.ainolakauneusklinikka.fi\/wp-content\/uploads\/2021\/02\/IMG_20210210_182737-320x427.jpg 320w, https:\/\/www.ainolakauneusklinikka.fi\/wp-content\/uploads\/2021\/02\/IMG_20210210_182737-640x853.jpg 640w, https:\/\/www.ainolakauneusklinikka.fi\/wp-content\/uploads\/2021\/02\/IMG_20210210_182737-232x309.jpg 232w, https:\/\/www.ainolakauneusklinikka.fi\/wp-content\/uploads\/2021\/02\/IMG_20210210_182737-465x620.jpg 465w, https:\/\/www.ainolakauneusklinikka.fi\/wp-content\/uploads\/2021\/02\/IMG_20210210_182737-600x800.jpg 600w, https:\/\/www.ainolakauneusklinikka.fi\/wp-content\/uploads\/2021\/02\/IMG_20210210_182737-scaled.jpg 1920w\" sizes=\"(max-width: 768px) 100vw, 768px\" \/>\t\t\t\t\t\t\t\t\t\t\t\t\t\t\t<\/div>\n\t\t\t\t<\/div>\n\t\t\t\t\t<\/div>\n\t\t<\/div>\n\t\t\t\t\t<\/div>\n\t\t<\/section>\n\t\t\t\t<div class=\"elementor-element elementor-element-e9fed09 elementor-widget elementor-widget-spacer\" data-id=\"e9fed09\" data-element_type=\"widget\" data-widget_type=\"spacer.default\">\n\t\t\t\t<div class=\"elementor-widget-container\">\n\t\t\t\t\t\t\t<div class=\"elementor-spacer\">\n\t\t\t<div class=\"elementor-spacer-inner\"><\/div>\n\t\t<\/div>\n\t\t\t\t\t\t<\/div>\n\t\t\t\t<\/div>\n\t\t\t\t<div class=\"elementor-element elementor-element-db31d0d elementor-widget elementor-widget-text-editor\" data-id=\"db31d0d\" data-element_type=\"widget\" data-widget_type=\"text-editor.default\">\n\t\t\t\t<div class=\"elementor-widget-container\">\n\t\t\t\t\t\t\t\t\t<p><strong>Varaukset:<\/strong> Pyyd\u00e4mme sinua varaamaan uuden ajan mahdollisimman pian, mik\u00e4li olet ollut tekemisiss\u00e4 huonovointisen tai oireisen henkil\u00f6n kanssa.<\/p>\t\t\t\t\t\t\t\t<\/div>\n\t\t\t\t<\/div>\n\t\t\t\t<div class=\"elementor-element elementor-element-084b84e elementor-widget elementor-widget-spacer\" data-id=\"084b84e\" data-element_type=\"widget\" data-widget_type=\"spacer.default\">\n\t\t\t\t<div class=\"elementor-widget-container\">\n\t\t\t\t\t\t\t<div class=\"elementor-spacer\">\n\t\t\t<div class=\"elementor-spacer-inner\"><\/div>\n\t\t<\/div>\n\t\t\t\t\t\t<\/div>\n\t\t\t\t<\/div>\n\t\t\t\t<div class=\"elementor-element elementor-element-06779cb elementor-widget elementor-widget-image\" data-id=\"06779cb\" data-element_type=\"widget\" data-widget_type=\"image.default\">\n\t\t\t\t<div class=\"elementor-widget-container\">\n\t\t\t\t\t\t\t\t\t\t\t\t\t\t\t<img decoding=\"async\" width=\"800\" height=\"600\" src=\"https:\/\/www.ainolakauneusklinikka.fi\/wp-content\/uploads\/2021\/02\/IMG_20210210_1822241-1024x768.jpg\" class=\"attachment-large size-large wp-image-16569\" alt=\"\" srcset=\"https:\/\/www.ainolakauneusklinikka.fi\/wp-content\/uploads\/2021\/02\/IMG_20210210_1822241-1024x768.jpg 1024w, https:\/\/www.ainolakauneusklinikka.fi\/wp-content\/uploads\/2021\/02\/IMG_20210210_1822241-300x225.jpg 300w, https:\/\/www.ainolakauneusklinikka.fi\/wp-content\/uploads\/2021\/02\/IMG_20210210_1822241-768x576.jpg 768w, https:\/\/www.ainolakauneusklinikka.fi\/wp-content\/uploads\/2021\/02\/IMG_20210210_1822241-1536x1152.jpg 1536w, https:\/\/www.ainolakauneusklinikka.fi\/wp-content\/uploads\/2021\/02\/IMG_20210210_1822241-2048x1536.jpg 2048w, https:\/\/www.ainolakauneusklinikka.fi\/wp-content\/uploads\/2021\/02\/IMG_20210210_1822241-1020x765.jpg 1020w, https:\/\/www.ainolakauneusklinikka.fi\/wp-content\/uploads\/2021\/02\/IMG_20210210_1822241-2040x1530.jpg 2040w, https:\/\/www.ainolakauneusklinikka.fi\/wp-content\/uploads\/2021\/02\/IMG_20210210_1822241-495x371.jpg 495w, https:\/\/www.ainolakauneusklinikka.fi\/wp-content\/uploads\/2021\/02\/IMG_20210210_1822241-990x743.jpg 990w, https:\/\/www.ainolakauneusklinikka.fi\/wp-content\/uploads\/2021\/02\/IMG_20210210_1822241-320x240.jpg 320w, https:\/\/www.ainolakauneusklinikka.fi\/wp-content\/uploads\/2021\/02\/IMG_20210210_1822241-640x480.jpg 640w, https:\/\/www.ainolakauneusklinikka.fi\/wp-content\/uploads\/2021\/02\/IMG_20210210_1822241-232x174.jpg 232w, https:\/\/www.ainolakauneusklinikka.fi\/wp-content\/uploads\/2021\/02\/IMG_20210210_1822241-465x349.jpg 465w, https:\/\/www.ainolakauneusklinikka.fi\/wp-content\/uploads\/2021\/02\/IMG_20210210_1822241-600x450.jpg 600w\" sizes=\"(max-width: 800px) 100vw, 800px\" \/>\t\t\t\t\t\t\t\t\t\t\t\t\t\t\t<\/div>\n\t\t\t\t<\/div>\n\t\t\t\t<div class=\"elementor-element elementor-element-7bbf7a5 elementor-widget elementor-widget-spacer\" data-id=\"7bbf7a5\" data-element_type=\"widget\" data-widget_type=\"spacer.default\">\n\t\t\t\t<div class=\"elementor-widget-container\">\n\t\t\t\t\t\t\t<div class=\"elementor-spacer\">\n\t\t\t<div class=\"elementor-spacer-inner\"><\/div>\n\t\t<\/div>\n\t\t\t\t\t\t<\/div>\n\t\t\t\t<\/div>\n\t\t\t\t\t<\/div>\n\t\t<\/div>\n\t\t\t\t\t<\/div>\n\t\t<\/section>\n\t\t\t\t<\/div>","protected":false},"excerpt":{"rendered":"<p>T\u00c4RKE\u00c4\u00c4 TIETOA Ensimm\u00e4iseksi haluamme l\u00e4mpim\u00e4sti kiitt\u00e4\u00e4 teit\u00e4 uskollisesta asiakkuudestanne. Ainola Kauneusklinikka pysyy auki my\u00f6s n\u00e4in\u00e4 vaikeina aikoina, jotta voitte antaa itsellenne aikaa. Vallitseva tilanne maailmalla on stressaavaa meille kaikille, juuri t\u00e4llaisina aikoina itsest\u00e4\u00e4n huolehtiminen on ensiarvoisen t\u00e4rke\u00e4\u00e4. Huolehdi kauneudestasi, turvallisesti. Asiakkaidemme ja ty\u00f6ntekij\u00f6imme turvallisuus ja terveys ovat t\u00e4rkein prioriteettimme. Kuten aiemmin, vierailullanne klinikallamme tarjoamme puhtaan [&hellip;]<\/p>\n","protected":false},"author":6,"featured_media":0,"parent":0,"menu_order":0,"comment_status":"closed","ping_status":"closed","template":"","meta":{"footnotes":""},"yoast_head":"<!-- This site is optimized with the Yoast SEO plugin v23.3 - https:\/\/yoast.com\/wordpress\/plugins\/seo\/ -->\n<title>COVID-19 - Ainola kauneusklinikka<\/title>\n<meta name=\"robots\" content=\"index, follow, max-snippet:-1, max-image-preview:large, max-video-preview:-1\" \/>\n<link rel=\"canonical\" href=\"https:\/\/www.ainolakauneusklinikka.fi\/en\/covid-19\/\" \/>\n<meta property=\"og:locale\" content=\"en_GB\" \/>\n<meta property=\"og:type\" content=\"article\" \/>\n<meta property=\"og:title\" content=\"COVID-19 - Ainola kauneusklinikka\" \/>\n<meta property=\"og:description\" content=\"T\u00c4RKE\u00c4\u00c4 TIETOA Ensimm\u00e4iseksi haluamme l\u00e4mpim\u00e4sti kiitt\u00e4\u00e4 teit\u00e4 uskollisesta asiakkuudestanne. Ainola Kauneusklinikka pysyy auki my\u00f6s n\u00e4in\u00e4 vaikeina aikoina, jotta voitte antaa itsellenne aikaa. Vallitseva tilanne maailmalla on stressaavaa meille kaikille, juuri t\u00e4llaisina aikoina itsest\u00e4\u00e4n huolehtiminen on ensiarvoisen t\u00e4rke\u00e4\u00e4. Huolehdi kauneudestasi, turvallisesti. Asiakkaidemme ja ty\u00f6ntekij\u00f6imme turvallisuus ja terveys ovat t\u00e4rkein prioriteettimme. Kuten aiemmin, vierailullanne klinikallamme tarjoamme puhtaan [&hellip;]\" \/>\n<meta property=\"og:url\" content=\"https:\/\/www.ainolakauneusklinikka.fi\/en\/covid-19\/\" \/>\n<meta property=\"og:site_name\" content=\"Ainola kauneusklinikka\" \/>\n<meta property=\"article:publisher\" content=\"https:\/\/www.facebook.com\/ainolakauneusklinikka.fi\/\" \/>\n<meta property=\"article:modified_time\" content=\"2021-02-17T09:58:59+00:00\" \/>\n<meta property=\"og:image\" content=\"https:\/\/www.ainolakauneusklinikka.fi\/wp-content\/uploads\/2021\/02\/IMG_20210210_182737-768x1024.jpg\" \/>\n<meta name=\"twitter:card\" content=\"summary_large_image\" \/>\n<meta name=\"twitter:label1\" content=\"Estimated reading time\" \/>\n\t<meta name=\"twitter:data1\" content=\"1 minute\" \/>\n<script type=\"application\/ld+json\" class=\"yoast-schema-graph\">{\"@context\":\"https:\/\/schema.org\",\"@graph\":[{\"@type\":\"WebPage\",\"@id\":\"https:\/\/www.ainolakauneusklinikka.fi\/covid-19\/\",\"url\":\"https:\/\/www.ainolakauneusklinikka.fi\/covid-19\/\",\"name\":\"COVID-19 - Ainola kauneusklinikka\",\"isPartOf\":{\"@id\":\"https:\/\/www.ainolakauneusklinikka.fi\/#website\"},\"primaryImageOfPage\":{\"@id\":\"https:\/\/www.ainolakauneusklinikka.fi\/covid-19\/#primaryimage\"},\"image\":{\"@id\":\"https:\/\/www.ainolakauneusklinikka.fi\/covid-19\/#primaryimage\"},\"thumbnailUrl\":\"https:\/\/www.ainolakauneusklinikka.fi\/wp-content\/uploads\/2021\/02\/IMG_20210210_182737-768x1024.jpg\",\"datePublished\":\"2021-02-15T08:05:10+00:00\",\"dateModified\":\"2021-02-17T09:58:59+00:00\",\"breadcrumb\":{\"@id\":\"https:\/\/www.ainolakauneusklinikka.fi\/covid-19\/#breadcrumb\"},\"inLanguage\":\"en-GB\",\"potentialAction\":[{\"@type\":\"ReadAction\",\"target\":[\"https:\/\/www.ainolakauneusklinikka.fi\/covid-19\/\"]}]},{\"@type\":\"ImageObject\",\"inLanguage\":\"en-GB\",\"@id\":\"https:\/\/www.ainolakauneusklinikka.fi\/covid-19\/#primaryimage\",\"url\":\"https:\/\/www.ainolakauneusklinikka.fi\/wp-content\/uploads\/2021\/02\/IMG_20210210_182737-768x1024.jpg\",\"contentUrl\":\"https:\/\/www.ainolakauneusklinikka.fi\/wp-content\/uploads\/2021\/02\/IMG_20210210_182737-768x1024.jpg\"},{\"@type\":\"BreadcrumbList\",\"@id\":\"https:\/\/www.ainolakauneusklinikka.fi\/covid-19\/#breadcrumb\",\"itemListElement\":[{\"@type\":\"ListItem\",\"position\":1,\"name\":\"Etusivu\",\"item\":\"https:\/\/www.ainolakauneusklinikka.fi\/\"},{\"@type\":\"ListItem\",\"position\":2,\"name\":\"COVID-19\"}]},{\"@type\":\"WebSite\",\"@id\":\"https:\/\/www.ainolakauneusklinikka.fi\/#website\",\"url\":\"https:\/\/www.ainolakauneusklinikka.fi\/\",\"name\":\"Ainola kauneusklinikka\",\"description\":\"Kauneushoitola Helsingin keskustassa\",\"publisher\":{\"@id\":\"https:\/\/www.ainolakauneusklinikka.fi\/#organization\"},\"potentialAction\":[{\"@type\":\"SearchAction\",\"target\":{\"@type\":\"EntryPoint\",\"urlTemplate\":\"https:\/\/www.ainolakauneusklinikka.fi\/?s={search_term_string}\"},\"query-input\":\"required name=search_term_string\"}],\"inLanguage\":\"en-GB\"},{\"@type\":\"Organization\",\"@id\":\"https:\/\/www.ainolakauneusklinikka.fi\/#organization\",\"name\":\"Ainola kauneusklinikka\",\"url\":\"https:\/\/www.ainolakauneusklinikka.fi\/\",\"logo\":{\"@type\":\"ImageObject\",\"inLanguage\":\"en-GB\",\"@id\":\"https:\/\/www.ainolakauneusklinikka.fi\/#\/schema\/logo\/image\/\",\"url\":\"https:\/\/www.ainolakauneusklinikka.fi\/wp-content\/uploads\/2016\/10\/14628043_10154569956212440_1227015686_n-e1477247964928.jpg\",\"contentUrl\":\"https:\/\/www.ainolakauneusklinikka.fi\/wp-content\/uploads\/2016\/10\/14628043_10154569956212440_1227015686_n-e1477247964928.jpg\",\"width\":500,\"height\":162,\"caption\":\"Ainola kauneusklinikka\"},\"image\":{\"@id\":\"https:\/\/www.ainolakauneusklinikka.fi\/#\/schema\/logo\/image\/\"},\"sameAs\":[\"https:\/\/www.facebook.com\/ainolakauneusklinikka.fi\/\",\"https:\/\/www.instagram.com\/ainolakauneusklinikkafi\/\"]}]}<\/script>\n<!-- \/ Yoast SEO plugin. -->","yoast_head_json":{"title":"COVID-19 - Ainola kauneusklinikka","robots":{"index":"index","follow":"follow","max-snippet":"max-snippet:-1","max-image-preview":"max-image-preview:large","max-video-preview":"max-video-preview:-1"},"canonical":"https:\/\/www.ainolakauneusklinikka.fi\/en\/covid-19\/","og_locale":"en_GB","og_type":"article","og_title":"COVID-19 - Ainola kauneusklinikka","og_description":"T\u00c4RKE\u00c4\u00c4 TIETOA Ensimm\u00e4iseksi haluamme l\u00e4mpim\u00e4sti kiitt\u00e4\u00e4 teit\u00e4 uskollisesta asiakkuudestanne. Ainola Kauneusklinikka pysyy auki my\u00f6s n\u00e4in\u00e4 vaikeina aikoina, jotta voitte antaa itsellenne aikaa. Vallitseva tilanne maailmalla on stressaavaa meille kaikille, juuri t\u00e4llaisina aikoina itsest\u00e4\u00e4n huolehtiminen on ensiarvoisen t\u00e4rke\u00e4\u00e4. Huolehdi kauneudestasi, turvallisesti. Asiakkaidemme ja ty\u00f6ntekij\u00f6imme turvallisuus ja terveys ovat t\u00e4rkein prioriteettimme. Kuten aiemmin, vierailullanne klinikallamme tarjoamme puhtaan [&hellip;]","og_url":"https:\/\/www.ainolakauneusklinikka.fi\/en\/covid-19\/","og_site_name":"Ainola kauneusklinikka","article_publisher":"https:\/\/www.facebook.com\/ainolakauneusklinikka.fi\/","article_modified_time":"2021-02-17T09:58:59+00:00","og_image":[{"url":"https:\/\/www.ainolakauneusklinikka.fi\/wp-content\/uploads\/2021\/02\/IMG_20210210_182737-768x1024.jpg"}],"twitter_card":"summary_large_image","twitter_misc":{"Estimated reading time":"1 minute"},"schema":{"@context":"https:\/\/schema.org","@graph":[{"@type":"WebPage","@id":"https:\/\/www.ainolakauneusklinikka.fi\/covid-19\/","url":"https:\/\/www.ainolakauneusklinikka.fi\/covid-19\/","name":"COVID-19 - Ainola kauneusklinikka","isPartOf":{"@id":"https:\/\/www.ainolakauneusklinikka.fi\/#website"},"primaryImageOfPage":{"@id":"https:\/\/www.ainolakauneusklinikka.fi\/covid-19\/#primaryimage"},"image":{"@id":"https:\/\/www.ainolakauneusklinikka.fi\/covid-19\/#primaryimage"},"thumbnailUrl":"https:\/\/www.ainolakauneusklinikka.fi\/wp-content\/uploads\/2021\/02\/IMG_20210210_182737-768x1024.jpg","datePublished":"2021-02-15T08:05:10+00:00","dateModified":"2021-02-17T09:58:59+00:00","breadcrumb":{"@id":"https:\/\/www.ainolakauneusklinikka.fi\/covid-19\/#breadcrumb"},"inLanguage":"en-GB","potentialAction":[{"@type":"ReadAction","target":["https:\/\/www.ainolakauneusklinikka.fi\/covid-19\/"]}]},{"@type":"ImageObject","inLanguage":"en-GB","@id":"https:\/\/www.ainolakauneusklinikka.fi\/covid-19\/#primaryimage","url":"https:\/\/www.ainolakauneusklinikka.fi\/wp-content\/uploads\/2021\/02\/IMG_20210210_182737-768x1024.jpg","contentUrl":"https:\/\/www.ainolakauneusklinikka.fi\/wp-content\/uploads\/2021\/02\/IMG_20210210_182737-768x1024.jpg"},{"@type":"BreadcrumbList","@id":"https:\/\/www.ainolakauneusklinikka.fi\/covid-19\/#breadcrumb","itemListElement":[{"@type":"ListItem","position":1,"name":"Etusivu","item":"https:\/\/www.ainolakauneusklinikka.fi\/"},{"@type":"ListItem","position":2,"name":"COVID-19"}]},{"@type":"WebSite","@id":"https:\/\/www.ainolakauneusklinikka.fi\/#website","url":"https:\/\/www.ainolakauneusklinikka.fi\/","name":"Ainola kauneusklinikka","description":"Kauneushoitola Helsingin keskustassa","publisher":{"@id":"https:\/\/www.ainolakauneusklinikka.fi\/#organization"},"potentialAction":[{"@type":"SearchAction","target":{"@type":"EntryPoint","urlTemplate":"https:\/\/www.ainolakauneusklinikka.fi\/?s={search_term_string}"},"query-input":"required name=search_term_string"}],"inLanguage":"en-GB"},{"@type":"Organization","@id":"https:\/\/www.ainolakauneusklinikka.fi\/#organization","name":"Ainola kauneusklinikka","url":"https:\/\/www.ainolakauneusklinikka.fi\/","logo":{"@type":"ImageObject","inLanguage":"en-GB","@id":"https:\/\/www.ainolakauneusklinikka.fi\/#\/schema\/logo\/image\/","url":"https:\/\/www.ainolakauneusklinikka.fi\/wp-content\/uploads\/2016\/10\/14628043_10154569956212440_1227015686_n-e1477247964928.jpg","contentUrl":"https:\/\/www.ainolakauneusklinikka.fi\/wp-content\/uploads\/2016\/10\/14628043_10154569956212440_1227015686_n-e1477247964928.jpg","width":500,"height":162,"caption":"Ainola kauneusklinikka"},"image":{"@id":"https:\/\/www.ainolakauneusklinikka.fi\/#\/schema\/logo\/image\/"},"sameAs":["https:\/\/www.facebook.com\/ainolakauneusklinikka.fi\/","https:\/\/www.instagram.com\/ainolakauneusklinikkafi\/"]}]}},"_links":{"self":[{"href":"https:\/\/www.ainolakauneusklinikka.fi\/en\/wp-json\/wp\/v2\/pages\/16568"}],"collection":[{"href":"https:\/\/www.ainolakauneusklinikka.fi\/en\/wp-json\/wp\/v2\/pages"}],"about":[{"href":"https:\/\/www.ainolakauneusklinikka.fi\/en\/wp-json\/wp\/v2\/types\/page"}],"author":[{"embeddable":true,"href":"https:\/\/www.ainolakauneusklinikka.fi\/en\/wp-json\/wp\/v2\/users\/6"}],"replies":[{"embeddable":true,"href":"https:\/\/www.ainolakauneusklinikka.fi\/en\/wp-json\/wp\/v2\/comments?post=16568"}],"version-history":[{"count":16,"href":"https:\/\/www.ainolakauneusklinikka.fi\/en\/wp-json\/wp\/v2\/pages\/16568\/revisions"}],"predecessor-version":[{"id":16589,"href":"https:\/\/www.ainolakauneusklinikka.fi\/en\/wp-json\/wp\/v2\/pages\/16568\/revisions\/16589"}],"wp:attachment":[{"href":"https:\/\/www.ainolakauneusklinikka.fi\/en\/wp-json\/wp\/v2\/media?parent=16568"}],"curies":[{"name":"wp","href":"https:\/\/api.w.org\/{rel}","templated":true}]}}