{"id":15383,"date":"2020-04-21T12:22:54","date_gmt":"2020-04-21T10:22:54","guid":{"rendered":"https:\/\/www.ainolakauneusklinikka.fi\/?page_id=15383"},"modified":"2023-05-16T10:58:13","modified_gmt":"2023-05-16T08:58:13","slug":"pistoshoidot-2","status":"publish","type":"page","link":"https:\/\/www.ainolakauneusklinikka.fi\/en\/pistoshoidot-2\/","title":{"rendered":"INJECTIONS"},"content":{"rendered":"<div data-elementor-type=\"wp-page\" data-elementor-id=\"15383\" class=\"elementor elementor-15383\" data-elementor-post-type=\"page\">\n\t\t\t\t\t\t<section class=\"elementor-section elementor-top-section elementor-element elementor-element-ce7ad40 elementor-section-boxed elementor-section-height-default elementor-section-height-default\" data-id=\"ce7ad40\" data-element_type=\"section\" data-e-type=\"section\">\n\t\t\t\t\t\t<div class=\"elementor-container elementor-column-gap-default\">\n\t\t\t\t\t<div class=\"elementor-column elementor-col-100 elementor-top-column elementor-element elementor-element-fd0ceb7\" data-id=\"fd0ceb7\" data-element_type=\"column\" data-e-type=\"column\">\n\t\t\t<div class=\"elementor-widget-wrap elementor-element-populated\">\n\t\t\t\t\t\t<div class=\"elementor-element elementor-element-30c9769 elementor-widget elementor-widget-heading\" data-id=\"30c9769\" data-element_type=\"widget\" data-e-type=\"widget\" data-widget_type=\"heading.default\">\n\t\t\t\t<div class=\"elementor-widget-container\">\n\t\t\t\t\t<h2 class=\"elementor-heading-title elementor-size-default\">INJECTIONS<\/h2>\t\t\t\t<\/div>\n\t\t\t\t<\/div>\n\t\t\t\t<div class=\"elementor-element elementor-element-3409c29 elementor-widget elementor-widget-text-editor\" data-id=\"3409c29\" data-element_type=\"widget\" data-e-type=\"widget\" data-widget_type=\"text-editor.default\">\n\t\t\t\t<div class=\"elementor-widget-container\">\n\t\t\t\t\t\t\t\t\t<p>There are two types of injection treatments: filler treatments and botulinum treatments. Facial\ninjection treatments correct minor or early-appearing changes associated with aging. Treatments are\na much lighter option than surgery. As the name suggests, fillers fill sunken face shapes and their\nhyaluronic acid also effectively moisturizes the skin, making it supple. The effect of botulinum, in\nturn, is directed at the nerve endings of the muscles, which relaxes the muscle and prevents the\nformation of wrinkles.<\/p><p>Together with the client, the specialist evaluates the best way forward to achieve an optimal result.\nInjection treatments are quick procedures by nature and the result is visible immediately without a\nlong recovery period. Treatment can often be done already at the first appointment.<\/p>\t\t\t\t\t\t\t\t<\/div>\n\t\t\t\t<\/div>\n\t\t\t\t\t<\/div>\n\t\t<\/div>\n\t\t\t\t\t<\/div>\n\t\t<\/section>\n\t\t\t\t<section class=\"elementor-section elementor-top-section elementor-element elementor-element-34c1ce7 elementor-section-boxed elementor-section-height-default elementor-section-height-default\" data-id=\"34c1ce7\" data-element_type=\"section\" data-e-type=\"section\">\n\t\t\t\t\t\t<div class=\"elementor-container elementor-column-gap-default\">\n\t\t\t\t\t<div class=\"elementor-column elementor-col-100 elementor-top-column elementor-element elementor-element-adf902c\" data-id=\"adf902c\" data-element_type=\"column\" data-e-type=\"column\">\n\t\t\t<div class=\"elementor-widget-wrap elementor-element-populated\">\n\t\t\t\t\t\t<div class=\"elementor-element elementor-element-ebf8642 elementor-widget elementor-widget-image\" data-id=\"ebf8642\" data-element_type=\"widget\" data-e-type=\"widget\" data-widget_type=\"image.default\">\n\t\t\t\t<div class=\"elementor-widget-container\">\n\t\t\t\t\t\t\t\t\t\t\t\t\t\t\t<img fetchpriority=\"high\" decoding=\"async\" width=\"800\" height=\"450\" src=\"https:\/\/www.ainolakauneusklinikka.fi\/wp-content\/uploads\/2023\/05\/loikustetabel-1536x864-1-1024x576.jpg\" class=\"attachment-large size-large wp-image-19187\" alt=\"\" srcset=\"https:\/\/www.ainolakauneusklinikka.fi\/wp-content\/uploads\/2023\/05\/loikustetabel-1536x864-1-1024x576.jpg 1024w, https:\/\/www.ainolakauneusklinikka.fi\/wp-content\/uploads\/2023\/05\/loikustetabel-1536x864-1-300x169.jpg 300w, https:\/\/www.ainolakauneusklinikka.fi\/wp-content\/uploads\/2023\/05\/loikustetabel-1536x864-1-768x432.jpg 768w, https:\/\/www.ainolakauneusklinikka.fi\/wp-content\/uploads\/2023\/05\/loikustetabel-1536x864-1-18x10.jpg 18w, https:\/\/www.ainolakauneusklinikka.fi\/wp-content\/uploads\/2023\/05\/loikustetabel-1536x864-1.jpg 1536w\" sizes=\"(max-width: 800px) 100vw, 800px\" \/>\t\t\t\t\t\t\t\t\t\t\t\t\t\t\t<\/div>\n\t\t\t\t<\/div>\n\t\t\t\t\t<\/div>\n\t\t<\/div>\n\t\t\t\t\t<\/div>\n\t\t<\/section>\n\t\t\t\t<section class=\"elementor-section elementor-top-section elementor-element elementor-element-2592794 elementor-section-boxed elementor-section-height-default elementor-section-height-default\" data-id=\"2592794\" data-element_type=\"section\" data-e-type=\"section\">\n\t\t\t\t\t\t<div class=\"elementor-container elementor-column-gap-default\">\n\t\t\t\t\t<div class=\"elementor-column elementor-col-100 elementor-top-column elementor-element elementor-element-da0d5b8\" data-id=\"da0d5b8\" data-element_type=\"column\" data-e-type=\"column\">\n\t\t\t<div class=\"elementor-widget-wrap elementor-element-populated\">\n\t\t\t\t\t\t<div class=\"elementor-element elementor-element-307db0d elementor-widget elementor-widget-text-editor\" data-id=\"307db0d\" data-element_type=\"widget\" data-e-type=\"widget\" data-widget_type=\"text-editor.default\">\n\t\t\t\t<div class=\"elementor-widget-container\">\n\t\t\t\t\t\t\t\t\t<p>Injection treatments are an effective and safe way to prevent signs of aging on the skin. Typical\ntreatment areas include, for example:<\/p>\t\t\t\t\t\t\t\t<\/div>\n\t\t\t\t<\/div>\n\t\t\t\t\t<\/div>\n\t\t<\/div>\n\t\t\t\t\t<\/div>\n\t\t<\/section>\n\t\t\t\t<section class=\"elementor-section elementor-top-section elementor-element elementor-element-a526d32 elementor-section-boxed elementor-section-height-default elementor-section-height-default\" data-id=\"a526d32\" data-element_type=\"section\" data-e-type=\"section\">\n\t\t\t\t\t\t<div class=\"elementor-container elementor-column-gap-default\">\n\t\t\t\t\t<div class=\"elementor-column elementor-col-50 elementor-top-column elementor-element elementor-element-af9a0f7\" data-id=\"af9a0f7\" data-element_type=\"column\" data-e-type=\"column\">\n\t\t\t<div class=\"elementor-widget-wrap elementor-element-populated\">\n\t\t\t\t\t\t<div class=\"elementor-element elementor-element-b360462 elementor-icon-list--layout-traditional elementor-list-item-link-full_width elementor-widget elementor-widget-icon-list\" data-id=\"b360462\" data-element_type=\"widget\" data-e-type=\"widget\" data-widget_type=\"icon-list.default\">\n\t\t\t\t<div class=\"elementor-widget-container\">\n\t\t\t\t\t\t\t<ul class=\"elementor-icon-list-items\">\n\t\t\t\t\t\t\t<li class=\"elementor-icon-list-item\">\n\t\t\t\t\t\t\t\t\t\t\t<span class=\"elementor-icon-list-icon\">\n\t\t\t\t\t\t\t<i aria-hidden=\"true\" class=\"fas fa-check\"><\/i>\t\t\t\t\t\t<\/span>\n\t\t\t\t\t\t\t\t\t\t<span class=\"elementor-icon-list-text\">-laughter wrinkles in the corners of the eyes<\/span>\n\t\t\t\t\t\t\t\t\t<\/li>\n\t\t\t\t\t\t\t\t<li class=\"elementor-icon-list-item\">\n\t\t\t\t\t\t\t\t\t\t\t<span class=\"elementor-icon-list-icon\">\n\t\t\t\t\t\t\t<i aria-hidden=\"true\" class=\"fas fa-check\"><\/i>\t\t\t\t\t\t<\/span>\n\t\t\t\t\t\t\t\t\t\t<span class=\"elementor-icon-list-text\">-Fine lines around the mouth<\/span>\n\t\t\t\t\t\t\t\t\t<\/li>\n\t\t\t\t\t\t\t\t<li class=\"elementor-icon-list-item\">\n\t\t\t\t\t\t\t\t\t\t\t<span class=\"elementor-icon-list-icon\">\n\t\t\t\t\t\t\t<i aria-hidden=\"true\" class=\"fas fa-check\"><\/i>\t\t\t\t\t\t<\/span>\n\t\t\t\t\t\t\t\t\t\t<span class=\"elementor-icon-list-text\">-Sibelius wrinkles on the forehead<\/span>\n\t\t\t\t\t\t\t\t\t<\/li>\n\t\t\t\t\t\t\t\t<li class=\"elementor-icon-list-item\">\n\t\t\t\t\t\t\t\t\t\t\t<span class=\"elementor-icon-list-icon\">\n\t\t\t\t\t\t\t<i aria-hidden=\"true\" class=\"fas fa-check\"><\/i>\t\t\t\t\t\t<\/span>\n\t\t\t\t\t\t\t\t\t\t<span class=\"elementor-icon-list-text\">-Lowered contours of the cheekbones and temples<\/span>\n\t\t\t\t\t\t\t\t\t<\/li>\n\t\t\t\t\t\t\t\t<li class=\"elementor-icon-list-item\">\n\t\t\t\t\t\t\t\t\t\t\t<span class=\"elementor-icon-list-icon\">\n\t\t\t\t\t\t\t<i aria-hidden=\"true\" class=\"fas fa-check\"><\/i>\t\t\t\t\t\t<\/span>\n\t\t\t\t\t\t\t\t\t\t<span class=\"elementor-icon-list-text\">-hyperhidrosis of the armpits (and palms)<\/span>\n\t\t\t\t\t\t\t\t\t<\/li>\n\t\t\t\t\t\t<\/ul>\n\t\t\t\t\t\t<\/div>\n\t\t\t\t<\/div>\n\t\t\t\t\t<\/div>\n\t\t<\/div>\n\t\t\t\t<div class=\"elementor-column elementor-col-50 elementor-top-column elementor-element elementor-element-9ff4925\" data-id=\"9ff4925\" data-element_type=\"column\" data-e-type=\"column\">\n\t\t\t<div class=\"elementor-widget-wrap\">\n\t\t\t\t\t\t\t<\/div>\n\t\t<\/div>\n\t\t\t\t\t<\/div>\n\t\t<\/section>\n\t\t\t\t<section class=\"elementor-section elementor-top-section elementor-element elementor-element-48c22f3 elementor-section-boxed elementor-section-height-default elementor-section-height-default\" data-id=\"48c22f3\" data-element_type=\"section\" data-e-type=\"section\">\n\t\t\t\t\t\t<div class=\"elementor-container elementor-column-gap-default\">\n\t\t\t\t\t<div class=\"elementor-column elementor-col-100 elementor-top-column elementor-element elementor-element-24461f3\" data-id=\"24461f3\" data-element_type=\"column\" data-e-type=\"column\">\n\t\t\t<div class=\"elementor-widget-wrap elementor-element-populated\">\n\t\t\t\t\t\t<div class=\"elementor-element elementor-element-9494f15 elementor-widget elementor-widget-heading\" data-id=\"9494f15\" data-element_type=\"widget\" data-e-type=\"widget\" data-widget_type=\"heading.default\">\n\t\t\t\t<div class=\"elementor-widget-container\">\n\t\t\t\t\t<h2 class=\"elementor-heading-title elementor-size-default\">Botulinum treatment<\/h2>\t\t\t\t<\/div>\n\t\t\t\t<\/div>\n\t\t\t\t<div class=\"elementor-element elementor-element-3895cda elementor-widget elementor-widget-text-editor\" data-id=\"3895cda\" data-element_type=\"widget\" data-e-type=\"widget\" data-widget_type=\"text-editor.default\">\n\t\t\t\t<div class=\"elementor-widget-container\">\n\t\t\t\t\t\t\t\t\t<p>Botulinum is a safe substance that has been used for decades in the treatment of various diseases\nand for about 25 years in aesthetic treatments. The substance acts locally at the injection site, due to\nwhich the appearance of wrinkles can be precisely reduced. Most commonly, botulinum toxin\ninjections are used to smooth wrinkles between the eyebrows, angry looks and forehead lines.<\/p><p>The procedure is quick and causes almost no pain. The effect of treatment begins 3\u20137 days after\ntreatment and lasts for approximately 4\u20136 months.<\/p>\t\t\t\t\t\t\t\t<\/div>\n\t\t\t\t<\/div>\n\t\t\t\t<div class=\"elementor-element elementor-element-1a9e387 elementor-widget elementor-widget-heading\" data-id=\"1a9e387\" data-element_type=\"widget\" data-e-type=\"widget\" data-widget_type=\"heading.default\">\n\t\t\t\t<div class=\"elementor-widget-container\">\n\t\t\t\t\t<h2 class=\"elementor-heading-title elementor-size-default\">Fillers<\/h2>\t\t\t\t<\/div>\n\t\t\t\t<\/div>\n\t\t\t\t<div class=\"elementor-element elementor-element-44ca598 elementor-widget elementor-widget-text-editor\" data-id=\"44ca598\" data-element_type=\"widget\" data-e-type=\"widget\" data-widget_type=\"text-editor.default\">\n\t\t\t\t<div class=\"elementor-widget-container\">\n\t\t\t\t\t\t\t\t\t<p>When fillers are used as treatment, either individual wrinkles, scars and lines, or entire areas such as\naround the lips and mouth, are repaired.<\/p><p>Fillers are also used to balance half-differences in the face. Hyaluronic acid is a safe, biodegradable\nand naturally occurring moisturizer in the skin. Due to its safety, it is by far the most widely used in\nfiller treatments for skin age changes and fine lines. Superficial hyaluronic acid injections can also\neffectively moisturize the surface of the skin.<\/p><p><br \/>The filler is injected subcutaneously. The procedure is almost painless. When contouring the lips, if\nnecessary, the doctor can put on anesthesia. Side effects of filler treatment include transient redness\nand swelling at the injection site. After the swelling subsides, the treatment result is ready. On\naverage, the effect of treatment lasts from 6 to 9 months. Complementary treatment can be done\ntwo weeks after the first treatment.<\/p>\t\t\t\t\t\t\t\t<\/div>\n\t\t\t\t<\/div>\n\t\t\t\t\t<\/div>\n\t\t<\/div>\n\t\t\t\t\t<\/div>\n\t\t<\/section>\n\t\t\t\t<\/div>","protected":false},"excerpt":{"rendered":"<p>Pistoshoidot Pistoshoitoja on kahdenlaisia: t\u00e4yteainehoitoja sek\u00e4 botuliinihoitoja. Kasvojen pistoshoidoilla korjataan v\u00e4h\u00e4isi\u00e4 tai varhain ilmaantuvia muutoksia, jotka liittyv\u00e4t ik\u00e4\u00e4ntymiseen. Hoidot ovat leikkauksia huomattavasti kevyempi vaihtoehto. T\u00e4yteaineilla nimens\u00e4 mukaisesti t\u00e4ytet\u00e4\u00e4n vajonneita kasvon muotoja ja niiden hyaluronihappo my\u00f6s kosteuttaa ihoa tehokkaasti tehden sen kimmoisaksi. Botuliinin vaikutus puolestaan kohdistuu lihasten hermop\u00e4\u00e4tteisiin, jolloin lihas rentoutuu eik\u00e4 ryppyj\u00e4 p\u00e4\u00e4se muodostumaan. Asiantuntija [&hellip;]<\/p>\n","protected":false},"author":1,"featured_media":0,"parent":0,"menu_order":0,"comment_status":"closed","ping_status":"closed","template":"","meta":{"footnotes":""},"class_list":["post-15383","page","type-page","status-publish","hentry"],"yoast_head":"<!-- This site is optimized with the Yoast SEO plugin v27.5 - https:\/\/yoast.com\/product\/yoast-seo-wordpress\/ -->\n<title>Pistoshoidot - Ainola kauneusklinikka<\/title>\n<meta name=\"robots\" content=\"index, follow, max-snippet:-1, max-image-preview:large, max-video-preview:-1\" \/>\n<link rel=\"canonical\" href=\"https:\/\/www.ainolakauneusklinikka.fi\/en\/pistoshoidot-2\/\" \/>\n<meta property=\"og:locale\" content=\"en_GB\" \/>\n<meta property=\"og:type\" content=\"article\" \/>\n<meta property=\"og:title\" content=\"Pistoshoidot - Ainola kauneusklinikka\" \/>\n<meta property=\"og:description\" content=\"Pistoshoidot Pistoshoitoja on kahdenlaisia: t\u00e4yteainehoitoja sek\u00e4 botuliinihoitoja. Kasvojen pistoshoidoilla korjataan v\u00e4h\u00e4isi\u00e4 tai varhain ilmaantuvia muutoksia, jotka liittyv\u00e4t ik\u00e4\u00e4ntymiseen. Hoidot ovat leikkauksia huomattavasti kevyempi vaihtoehto. T\u00e4yteaineilla nimens\u00e4 mukaisesti t\u00e4ytet\u00e4\u00e4n vajonneita kasvon muotoja ja niiden hyaluronihappo my\u00f6s kosteuttaa ihoa tehokkaasti tehden sen kimmoisaksi. Botuliinin vaikutus puolestaan kohdistuu lihasten hermop\u00e4\u00e4tteisiin, jolloin lihas rentoutuu eik\u00e4 ryppyj\u00e4 p\u00e4\u00e4se muodostumaan. Asiantuntija [&hellip;]\" \/>\n<meta property=\"og:url\" content=\"https:\/\/www.ainolakauneusklinikka.fi\/en\/pistoshoidot-2\/\" \/>\n<meta property=\"og:site_name\" content=\"Ainola kauneusklinikka\" \/>\n<meta property=\"article:publisher\" content=\"https:\/\/www.facebook.com\/ainolakauneusklinikka.fi\/\" \/>\n<meta property=\"article:modified_time\" content=\"2023-05-16T08:58:13+00:00\" \/>\n<meta property=\"og:image\" content=\"https:\/\/www.ainolakauneusklinikka.fi\/wp-content\/uploads\/2023\/05\/loikustetabel-1536x864-1-1024x576.jpg\" \/>\n<meta name=\"twitter:card\" content=\"summary_large_image\" \/>\n<meta name=\"twitter:label1\" content=\"Estimated reading time\" \/>\n\t<meta name=\"twitter:data1\" content=\"2 minutes\" \/>\n<script type=\"application\/ld+json\" class=\"yoast-schema-graph\">{\"@context\":\"https:\\\/\\\/schema.org\",\"@graph\":[{\"@type\":\"WebPage\",\"@id\":\"https:\\\/\\\/www.ainolakauneusklinikka.fi\\\/pistoshoidot-2\\\/\",\"url\":\"https:\\\/\\\/www.ainolakauneusklinikka.fi\\\/pistoshoidot-2\\\/\",\"name\":\"Pistoshoidot - Ainola kauneusklinikka\",\"isPartOf\":{\"@id\":\"https:\\\/\\\/www.ainolakauneusklinikka.fi\\\/#website\"},\"primaryImageOfPage\":{\"@id\":\"https:\\\/\\\/www.ainolakauneusklinikka.fi\\\/pistoshoidot-2\\\/#primaryimage\"},\"image\":{\"@id\":\"https:\\\/\\\/www.ainolakauneusklinikka.fi\\\/pistoshoidot-2\\\/#primaryimage\"},\"thumbnailUrl\":\"https:\\\/\\\/www.ainolakauneusklinikka.fi\\\/wp-content\\\/uploads\\\/2023\\\/05\\\/loikustetabel-1536x864-1-1024x576.jpg\",\"datePublished\":\"2020-04-21T10:22:54+00:00\",\"dateModified\":\"2023-05-16T08:58:13+00:00\",\"breadcrumb\":{\"@id\":\"https:\\\/\\\/www.ainolakauneusklinikka.fi\\\/pistoshoidot-2\\\/#breadcrumb\"},\"inLanguage\":\"en-GB\",\"potentialAction\":[{\"@type\":\"ReadAction\",\"target\":[\"https:\\\/\\\/www.ainolakauneusklinikka.fi\\\/pistoshoidot-2\\\/\"]}]},{\"@type\":\"ImageObject\",\"inLanguage\":\"en-GB\",\"@id\":\"https:\\\/\\\/www.ainolakauneusklinikka.fi\\\/pistoshoidot-2\\\/#primaryimage\",\"url\":\"https:\\\/\\\/www.ainolakauneusklinikka.fi\\\/wp-content\\\/uploads\\\/2023\\\/05\\\/loikustetabel-1536x864-1-1024x576.jpg\",\"contentUrl\":\"https:\\\/\\\/www.ainolakauneusklinikka.fi\\\/wp-content\\\/uploads\\\/2023\\\/05\\\/loikustetabel-1536x864-1-1024x576.jpg\"},{\"@type\":\"BreadcrumbList\",\"@id\":\"https:\\\/\\\/www.ainolakauneusklinikka.fi\\\/pistoshoidot-2\\\/#breadcrumb\",\"itemListElement\":[{\"@type\":\"ListItem\",\"position\":1,\"name\":\"Etusivu\",\"item\":\"https:\\\/\\\/www.ainolakauneusklinikka.fi\\\/\"},{\"@type\":\"ListItem\",\"position\":2,\"name\":\"Pistoshoidot\"}]},{\"@type\":\"WebSite\",\"@id\":\"https:\\\/\\\/www.ainolakauneusklinikka.fi\\\/#website\",\"url\":\"https:\\\/\\\/www.ainolakauneusklinikka.fi\\\/\",\"name\":\"Ainola kauneusklinikka\",\"description\":\"Kauneushoitola Helsingin keskustassa\",\"publisher\":{\"@id\":\"https:\\\/\\\/www.ainolakauneusklinikka.fi\\\/#organization\"},\"potentialAction\":[{\"@type\":\"SearchAction\",\"target\":{\"@type\":\"EntryPoint\",\"urlTemplate\":\"https:\\\/\\\/www.ainolakauneusklinikka.fi\\\/?s={search_term_string}\"},\"query-input\":{\"@type\":\"PropertyValueSpecification\",\"valueRequired\":true,\"valueName\":\"search_term_string\"}}],\"inLanguage\":\"en-GB\"},{\"@type\":\"Organization\",\"@id\":\"https:\\\/\\\/www.ainolakauneusklinikka.fi\\\/#organization\",\"name\":\"Ainola kauneusklinikka\",\"url\":\"https:\\\/\\\/www.ainolakauneusklinikka.fi\\\/\",\"logo\":{\"@type\":\"ImageObject\",\"inLanguage\":\"en-GB\",\"@id\":\"https:\\\/\\\/www.ainolakauneusklinikka.fi\\\/#\\\/schema\\\/logo\\\/image\\\/\",\"url\":\"https:\\\/\\\/www.ainolakauneusklinikka.fi\\\/wp-content\\\/uploads\\\/2016\\\/10\\\/14628043_10154569956212440_1227015686_n-e1477247964928.jpg\",\"contentUrl\":\"https:\\\/\\\/www.ainolakauneusklinikka.fi\\\/wp-content\\\/uploads\\\/2016\\\/10\\\/14628043_10154569956212440_1227015686_n-e1477247964928.jpg\",\"width\":500,\"height\":162,\"caption\":\"Ainola kauneusklinikka\"},\"image\":{\"@id\":\"https:\\\/\\\/www.ainolakauneusklinikka.fi\\\/#\\\/schema\\\/logo\\\/image\\\/\"},\"sameAs\":[\"https:\\\/\\\/www.facebook.com\\\/ainolakauneusklinikka.fi\\\/\",\"https:\\\/\\\/www.instagram.com\\\/ainolakauneusklinikkafi\\\/\"]}]}<\/script>\n<!-- \/ Yoast SEO plugin. -->","yoast_head_json":{"title":"Pistoshoidot - Ainola kauneusklinikka","robots":{"index":"index","follow":"follow","max-snippet":"max-snippet:-1","max-image-preview":"max-image-preview:large","max-video-preview":"max-video-preview:-1"},"canonical":"https:\/\/www.ainolakauneusklinikka.fi\/en\/pistoshoidot-2\/","og_locale":"en_GB","og_type":"article","og_title":"Pistoshoidot - Ainola kauneusklinikka","og_description":"Pistoshoidot Pistoshoitoja on kahdenlaisia: t\u00e4yteainehoitoja sek\u00e4 botuliinihoitoja. Kasvojen pistoshoidoilla korjataan v\u00e4h\u00e4isi\u00e4 tai varhain ilmaantuvia muutoksia, jotka liittyv\u00e4t ik\u00e4\u00e4ntymiseen. Hoidot ovat leikkauksia huomattavasti kevyempi vaihtoehto. T\u00e4yteaineilla nimens\u00e4 mukaisesti t\u00e4ytet\u00e4\u00e4n vajonneita kasvon muotoja ja niiden hyaluronihappo my\u00f6s kosteuttaa ihoa tehokkaasti tehden sen kimmoisaksi. Botuliinin vaikutus puolestaan kohdistuu lihasten hermop\u00e4\u00e4tteisiin, jolloin lihas rentoutuu eik\u00e4 ryppyj\u00e4 p\u00e4\u00e4se muodostumaan. Asiantuntija [&hellip;]","og_url":"https:\/\/www.ainolakauneusklinikka.fi\/en\/pistoshoidot-2\/","og_site_name":"Ainola kauneusklinikka","article_publisher":"https:\/\/www.facebook.com\/ainolakauneusklinikka.fi\/","article_modified_time":"2023-05-16T08:58:13+00:00","og_image":[{"url":"https:\/\/www.ainolakauneusklinikka.fi\/wp-content\/uploads\/2023\/05\/loikustetabel-1536x864-1-1024x576.jpg","type":"","width":"","height":""}],"twitter_card":"summary_large_image","twitter_misc":{"Estimated reading time":"2 minutes"},"schema":{"@context":"https:\/\/schema.org","@graph":[{"@type":"WebPage","@id":"https:\/\/www.ainolakauneusklinikka.fi\/pistoshoidot-2\/","url":"https:\/\/www.ainolakauneusklinikka.fi\/pistoshoidot-2\/","name":"Pistoshoidot - Ainola kauneusklinikka","isPartOf":{"@id":"https:\/\/www.ainolakauneusklinikka.fi\/#website"},"primaryImageOfPage":{"@id":"https:\/\/www.ainolakauneusklinikka.fi\/pistoshoidot-2\/#primaryimage"},"image":{"@id":"https:\/\/www.ainolakauneusklinikka.fi\/pistoshoidot-2\/#primaryimage"},"thumbnailUrl":"https:\/\/www.ainolakauneusklinikka.fi\/wp-content\/uploads\/2023\/05\/loikustetabel-1536x864-1-1024x576.jpg","datePublished":"2020-04-21T10:22:54+00:00","dateModified":"2023-05-16T08:58:13+00:00","breadcrumb":{"@id":"https:\/\/www.ainolakauneusklinikka.fi\/pistoshoidot-2\/#breadcrumb"},"inLanguage":"en-GB","potentialAction":[{"@type":"ReadAction","target":["https:\/\/www.ainolakauneusklinikka.fi\/pistoshoidot-2\/"]}]},{"@type":"ImageObject","inLanguage":"en-GB","@id":"https:\/\/www.ainolakauneusklinikka.fi\/pistoshoidot-2\/#primaryimage","url":"https:\/\/www.ainolakauneusklinikka.fi\/wp-content\/uploads\/2023\/05\/loikustetabel-1536x864-1-1024x576.jpg","contentUrl":"https:\/\/www.ainolakauneusklinikka.fi\/wp-content\/uploads\/2023\/05\/loikustetabel-1536x864-1-1024x576.jpg"},{"@type":"BreadcrumbList","@id":"https:\/\/www.ainolakauneusklinikka.fi\/pistoshoidot-2\/#breadcrumb","itemListElement":[{"@type":"ListItem","position":1,"name":"Etusivu","item":"https:\/\/www.ainolakauneusklinikka.fi\/"},{"@type":"ListItem","position":2,"name":"Pistoshoidot"}]},{"@type":"WebSite","@id":"https:\/\/www.ainolakauneusklinikka.fi\/#website","url":"https:\/\/www.ainolakauneusklinikka.fi\/","name":"Ainola kauneusklinikka","description":"Kauneushoitola Helsingin keskustassa","publisher":{"@id":"https:\/\/www.ainolakauneusklinikka.fi\/#organization"},"potentialAction":[{"@type":"SearchAction","target":{"@type":"EntryPoint","urlTemplate":"https:\/\/www.ainolakauneusklinikka.fi\/?s={search_term_string}"},"query-input":{"@type":"PropertyValueSpecification","valueRequired":true,"valueName":"search_term_string"}}],"inLanguage":"en-GB"},{"@type":"Organization","@id":"https:\/\/www.ainolakauneusklinikka.fi\/#organization","name":"Ainola kauneusklinikka","url":"https:\/\/www.ainolakauneusklinikka.fi\/","logo":{"@type":"ImageObject","inLanguage":"en-GB","@id":"https:\/\/www.ainolakauneusklinikka.fi\/#\/schema\/logo\/image\/","url":"https:\/\/www.ainolakauneusklinikka.fi\/wp-content\/uploads\/2016\/10\/14628043_10154569956212440_1227015686_n-e1477247964928.jpg","contentUrl":"https:\/\/www.ainolakauneusklinikka.fi\/wp-content\/uploads\/2016\/10\/14628043_10154569956212440_1227015686_n-e1477247964928.jpg","width":500,"height":162,"caption":"Ainola kauneusklinikka"},"image":{"@id":"https:\/\/www.ainolakauneusklinikka.fi\/#\/schema\/logo\/image\/"},"sameAs":["https:\/\/www.facebook.com\/ainolakauneusklinikka.fi\/","https:\/\/www.instagram.com\/ainolakauneusklinikkafi\/"]}]}},"_links":{"self":[{"href":"https:\/\/www.ainolakauneusklinikka.fi\/en\/wp-json\/wp\/v2\/pages\/15383","targetHints":{"allow":["GET"]}}],"collection":[{"href":"https:\/\/www.ainolakauneusklinikka.fi\/en\/wp-json\/wp\/v2\/pages"}],"about":[{"href":"https:\/\/www.ainolakauneusklinikka.fi\/en\/wp-json\/wp\/v2\/types\/page"}],"author":[{"embeddable":true,"href":"https:\/\/www.ainolakauneusklinikka.fi\/en\/wp-json\/wp\/v2\/users\/1"}],"replies":[{"embeddable":true,"href":"https:\/\/www.ainolakauneusklinikka.fi\/en\/wp-json\/wp\/v2\/comments?post=15383"}],"version-history":[{"count":22,"href":"https:\/\/www.ainolakauneusklinikka.fi\/en\/wp-json\/wp\/v2\/pages\/15383\/revisions"}],"predecessor-version":[{"id":19190,"href":"https:\/\/www.ainolakauneusklinikka.fi\/en\/wp-json\/wp\/v2\/pages\/15383\/revisions\/19190"}],"wp:attachment":[{"href":"https:\/\/www.ainolakauneusklinikka.fi\/en\/wp-json\/wp\/v2\/media?parent=15383"}],"curies":[{"name":"wp","href":"https:\/\/api.w.org\/{rel}","templated":true}]}}