{"id":13288,"date":"2019-04-29T06:24:49","date_gmt":"2019-04-29T04:24:49","guid":{"rendered":"https:\/\/www.ainolakauneusklinikka.fi\/?page_id=13288"},"modified":"2023-05-12T11:28:58","modified_gmt":"2023-05-12T09:28:58","slug":"kanta-asiakkuus-ja-jalkipalvelut","status":"publish","type":"page","link":"https:\/\/www.ainolakauneusklinikka.fi\/en\/kanta-asiakkuus-ja-jalkipalvelut\/","title":{"rendered":"Regular customers and after-sales services"},"content":{"rendered":"<div data-elementor-type=\"wp-page\" data-elementor-id=\"13288\" class=\"elementor elementor-13288\" data-elementor-post-type=\"page\">\n\t\t\t\t\t\t<section class=\"elementor-section elementor-top-section elementor-element elementor-element-5db25e3c elementor-section-boxed elementor-section-height-default elementor-section-height-default\" data-id=\"5db25e3c\" data-element_type=\"section\" data-e-type=\"section\">\n\t\t\t\t\t\t<div class=\"elementor-container elementor-column-gap-default\">\n\t\t\t\t\t<div class=\"elementor-column elementor-col-100 elementor-top-column elementor-element elementor-element-4b28821c\" data-id=\"4b28821c\" data-element_type=\"column\" data-e-type=\"column\">\n\t\t\t<div class=\"elementor-widget-wrap elementor-element-populated\">\n\t\t\t\t\t\t<div class=\"elementor-element elementor-element-e2738b4 elementor-widget elementor-widget-heading\" data-id=\"e2738b4\" data-element_type=\"widget\" data-e-type=\"widget\" data-widget_type=\"heading.default\">\n\t\t\t\t<div class=\"elementor-widget-container\">\n\t\t\t\t\t<h2 class=\"elementor-heading-title elementor-size-default\">Regular customers and after-sales services<\/h2>\t\t\t\t<\/div>\n\t\t\t\t<\/div>\n\t\t\t\t<div class=\"elementor-element elementor-element-35a03f9 elementor-widget elementor-widget-text-editor\" data-id=\"35a03f9\" data-element_type=\"widget\" data-e-type=\"widget\" data-widget_type=\"text-editor.default\">\n\t\t\t\t<div class=\"elementor-widget-container\">\n\t\t\t\t\t\t\t\t\t<p><strong>Becoming a loyal customer<\/strong> gives you the opportunity to take advantage of our diagnostic services.\nThey are always done by the chief cosmetologist and other professional cosmetologists. An\nindividual plan is made for each of ours regular customers, which includes not only the desired\nproduct package but also the required number of other treatment appointments.<\/p>\n<p>Regular diagnostic appointments ensure that adherence to the treatment regimen is up-to-date and\nadapts to changes in the client&#039;s skin. Analysing the actual condition of the skin at the very first\ndiagnostic visit provides guidelines on the condition of the skin and also helps to take into account\npossible problems deeper in the skin layers.<\/p>\n<p class=\"translation-block\">Our diverse range of device treatments also includes options for more effective treatment solutions\nif needed. These options are studied together with the beautician to provide the best possible\ncontent for the loyal customership. Other cosmetology services are also tailored according to the\nneeds of regular customers.<\/p>\n<p>Information about all matters related to device treatments and other services is best obtained from\nbeauty consultants at the first free appointment and from cosmetologists in the future. The\nindividual needs of each loyal customer are also taken into account with other customer benefits\naccording to the selected product or treatment series.<\/p>\t\t\t\t\t\t\t\t<\/div>\n\t\t\t\t<\/div>\n\t\t\t\t\t<\/div>\n\t\t<\/div>\n\t\t\t\t\t<\/div>\n\t\t<\/section>\n\t\t\t\t<\/div>","protected":false},"excerpt":{"rendered":"<p>Kanta-asiakkuus ja j\u00e4lkipalvelut Kanta-asiakkaaksi ryhtymisen my\u00f6t\u00e4 saa mahdollisuuden hy\u00f6dynt\u00e4\u00e4 diagnostiikka-palveluitamme. Ne tehd\u00e4\u00e4n aina p\u00e4\u00e4kosmetologin ja muiden ammattikosmetologien toimesta. Jokaiselle asiakkaalle tehd\u00e4\u00e4n yksil\u00f6llinen kanta-asiakkuussuunnitelma, joka sis\u00e4lt\u00e4\u00e4 halutun tuotepaketin lis\u00e4ksi tarvitun m\u00e4\u00e4r\u00e4n muita hoitotapaamisia. S\u00e4\u00e4nn\u00f6lliset diagnostiikkatapaamiset varmistavat sen, ett\u00e4 hoito-ohjelman noudattaminen on ajantasainen ja muokkautuu asiakkaan ihon muutosten mukaisesti. Ihon todellisen kunnon analysointi aivan ensimm\u00e4isell\u00e4 diagnostiikkak\u00e4ynnill\u00e4 antaa [&hellip;]<\/p>\n","protected":false},"author":1,"featured_media":0,"parent":0,"menu_order":0,"comment_status":"closed","ping_status":"closed","template":"","meta":{"footnotes":""},"class_list":["post-13288","page","type-page","status-publish","hentry"],"yoast_head":"<!-- This site is optimized with the Yoast SEO plugin v27.5 - https:\/\/yoast.com\/product\/yoast-seo-wordpress\/ -->\n<title>Kanta-asiakkuus ja j\u00e4lkipalvelut - Ainola kauneusklinikka<\/title>\n<meta name=\"robots\" content=\"index, follow, max-snippet:-1, max-image-preview:large, max-video-preview:-1\" \/>\n<link rel=\"canonical\" href=\"https:\/\/www.ainolakauneusklinikka.fi\/en\/kanta-asiakkuus-ja-jalkipalvelut\/\" \/>\n<meta property=\"og:locale\" content=\"en_GB\" \/>\n<meta property=\"og:type\" content=\"article\" \/>\n<meta property=\"og:title\" content=\"Kanta-asiakkuus ja j\u00e4lkipalvelut - Ainola kauneusklinikka\" \/>\n<meta property=\"og:description\" content=\"Kanta-asiakkuus ja j\u00e4lkipalvelut Kanta-asiakkaaksi ryhtymisen my\u00f6t\u00e4 saa mahdollisuuden hy\u00f6dynt\u00e4\u00e4 diagnostiikka-palveluitamme. Ne tehd\u00e4\u00e4n aina p\u00e4\u00e4kosmetologin ja muiden ammattikosmetologien toimesta. Jokaiselle asiakkaalle tehd\u00e4\u00e4n yksil\u00f6llinen kanta-asiakkuussuunnitelma, joka sis\u00e4lt\u00e4\u00e4 halutun tuotepaketin lis\u00e4ksi tarvitun m\u00e4\u00e4r\u00e4n muita hoitotapaamisia. S\u00e4\u00e4nn\u00f6lliset diagnostiikkatapaamiset varmistavat sen, ett\u00e4 hoito-ohjelman noudattaminen on ajantasainen ja muokkautuu asiakkaan ihon muutosten mukaisesti. Ihon todellisen kunnon analysointi aivan ensimm\u00e4isell\u00e4 diagnostiikkak\u00e4ynnill\u00e4 antaa [&hellip;]\" \/>\n<meta property=\"og:url\" content=\"https:\/\/www.ainolakauneusklinikka.fi\/en\/kanta-asiakkuus-ja-jalkipalvelut\/\" \/>\n<meta property=\"og:site_name\" content=\"Ainola kauneusklinikka\" \/>\n<meta property=\"article:publisher\" content=\"https:\/\/www.facebook.com\/ainolakauneusklinikka.fi\/\" \/>\n<meta property=\"article:modified_time\" content=\"2023-05-12T09:28:58+00:00\" \/>\n<meta name=\"twitter:card\" content=\"summary_large_image\" \/>\n<meta name=\"twitter:label1\" content=\"Estimated reading time\" \/>\n\t<meta name=\"twitter:data1\" content=\"1 minute\" \/>\n<script type=\"application\/ld+json\" class=\"yoast-schema-graph\">{\"@context\":\"https:\\\/\\\/schema.org\",\"@graph\":[{\"@type\":\"WebPage\",\"@id\":\"https:\\\/\\\/www.ainolakauneusklinikka.fi\\\/kanta-asiakkuus-ja-jalkipalvelut\\\/\",\"url\":\"https:\\\/\\\/www.ainolakauneusklinikka.fi\\\/kanta-asiakkuus-ja-jalkipalvelut\\\/\",\"name\":\"Kanta-asiakkuus ja j\u00e4lkipalvelut - Ainola kauneusklinikka\",\"isPartOf\":{\"@id\":\"https:\\\/\\\/www.ainolakauneusklinikka.fi\\\/#website\"},\"datePublished\":\"2019-04-29T04:24:49+00:00\",\"dateModified\":\"2023-05-12T09:28:58+00:00\",\"breadcrumb\":{\"@id\":\"https:\\\/\\\/www.ainolakauneusklinikka.fi\\\/kanta-asiakkuus-ja-jalkipalvelut\\\/#breadcrumb\"},\"inLanguage\":\"en-GB\",\"potentialAction\":[{\"@type\":\"ReadAction\",\"target\":[\"https:\\\/\\\/www.ainolakauneusklinikka.fi\\\/kanta-asiakkuus-ja-jalkipalvelut\\\/\"]}]},{\"@type\":\"BreadcrumbList\",\"@id\":\"https:\\\/\\\/www.ainolakauneusklinikka.fi\\\/kanta-asiakkuus-ja-jalkipalvelut\\\/#breadcrumb\",\"itemListElement\":[{\"@type\":\"ListItem\",\"position\":1,\"name\":\"Etusivu\",\"item\":\"https:\\\/\\\/www.ainolakauneusklinikka.fi\\\/\"},{\"@type\":\"ListItem\",\"position\":2,\"name\":\"Kanta-asiakkuus ja j\u00e4lkipalvelut\"}]},{\"@type\":\"WebSite\",\"@id\":\"https:\\\/\\\/www.ainolakauneusklinikka.fi\\\/#website\",\"url\":\"https:\\\/\\\/www.ainolakauneusklinikka.fi\\\/\",\"name\":\"Ainola kauneusklinikka\",\"description\":\"Kauneushoitola Helsingin keskustassa\",\"publisher\":{\"@id\":\"https:\\\/\\\/www.ainolakauneusklinikka.fi\\\/#organization\"},\"potentialAction\":[{\"@type\":\"SearchAction\",\"target\":{\"@type\":\"EntryPoint\",\"urlTemplate\":\"https:\\\/\\\/www.ainolakauneusklinikka.fi\\\/?s={search_term_string}\"},\"query-input\":{\"@type\":\"PropertyValueSpecification\",\"valueRequired\":true,\"valueName\":\"search_term_string\"}}],\"inLanguage\":\"en-GB\"},{\"@type\":\"Organization\",\"@id\":\"https:\\\/\\\/www.ainolakauneusklinikka.fi\\\/#organization\",\"name\":\"Ainola kauneusklinikka\",\"url\":\"https:\\\/\\\/www.ainolakauneusklinikka.fi\\\/\",\"logo\":{\"@type\":\"ImageObject\",\"inLanguage\":\"en-GB\",\"@id\":\"https:\\\/\\\/www.ainolakauneusklinikka.fi\\\/#\\\/schema\\\/logo\\\/image\\\/\",\"url\":\"https:\\\/\\\/www.ainolakauneusklinikka.fi\\\/wp-content\\\/uploads\\\/2016\\\/10\\\/14628043_10154569956212440_1227015686_n-e1477247964928.jpg\",\"contentUrl\":\"https:\\\/\\\/www.ainolakauneusklinikka.fi\\\/wp-content\\\/uploads\\\/2016\\\/10\\\/14628043_10154569956212440_1227015686_n-e1477247964928.jpg\",\"width\":500,\"height\":162,\"caption\":\"Ainola kauneusklinikka\"},\"image\":{\"@id\":\"https:\\\/\\\/www.ainolakauneusklinikka.fi\\\/#\\\/schema\\\/logo\\\/image\\\/\"},\"sameAs\":[\"https:\\\/\\\/www.facebook.com\\\/ainolakauneusklinikka.fi\\\/\",\"https:\\\/\\\/www.instagram.com\\\/ainolakauneusklinikkafi\\\/\"]}]}<\/script>\n<!-- \/ Yoast SEO plugin. -->","yoast_head_json":{"title":"Kanta-asiakkuus ja j\u00e4lkipalvelut - Ainola kauneusklinikka","robots":{"index":"index","follow":"follow","max-snippet":"max-snippet:-1","max-image-preview":"max-image-preview:large","max-video-preview":"max-video-preview:-1"},"canonical":"https:\/\/www.ainolakauneusklinikka.fi\/en\/kanta-asiakkuus-ja-jalkipalvelut\/","og_locale":"en_GB","og_type":"article","og_title":"Kanta-asiakkuus ja j\u00e4lkipalvelut - Ainola kauneusklinikka","og_description":"Kanta-asiakkuus ja j\u00e4lkipalvelut Kanta-asiakkaaksi ryhtymisen my\u00f6t\u00e4 saa mahdollisuuden hy\u00f6dynt\u00e4\u00e4 diagnostiikka-palveluitamme. Ne tehd\u00e4\u00e4n aina p\u00e4\u00e4kosmetologin ja muiden ammattikosmetologien toimesta. Jokaiselle asiakkaalle tehd\u00e4\u00e4n yksil\u00f6llinen kanta-asiakkuussuunnitelma, joka sis\u00e4lt\u00e4\u00e4 halutun tuotepaketin lis\u00e4ksi tarvitun m\u00e4\u00e4r\u00e4n muita hoitotapaamisia. S\u00e4\u00e4nn\u00f6lliset diagnostiikkatapaamiset varmistavat sen, ett\u00e4 hoito-ohjelman noudattaminen on ajantasainen ja muokkautuu asiakkaan ihon muutosten mukaisesti. Ihon todellisen kunnon analysointi aivan ensimm\u00e4isell\u00e4 diagnostiikkak\u00e4ynnill\u00e4 antaa [&hellip;]","og_url":"https:\/\/www.ainolakauneusklinikka.fi\/en\/kanta-asiakkuus-ja-jalkipalvelut\/","og_site_name":"Ainola kauneusklinikka","article_publisher":"https:\/\/www.facebook.com\/ainolakauneusklinikka.fi\/","article_modified_time":"2023-05-12T09:28:58+00:00","twitter_card":"summary_large_image","twitter_misc":{"Estimated reading time":"1 minute"},"schema":{"@context":"https:\/\/schema.org","@graph":[{"@type":"WebPage","@id":"https:\/\/www.ainolakauneusklinikka.fi\/kanta-asiakkuus-ja-jalkipalvelut\/","url":"https:\/\/www.ainolakauneusklinikka.fi\/kanta-asiakkuus-ja-jalkipalvelut\/","name":"Kanta-asiakkuus ja j\u00e4lkipalvelut - Ainola kauneusklinikka","isPartOf":{"@id":"https:\/\/www.ainolakauneusklinikka.fi\/#website"},"datePublished":"2019-04-29T04:24:49+00:00","dateModified":"2023-05-12T09:28:58+00:00","breadcrumb":{"@id":"https:\/\/www.ainolakauneusklinikka.fi\/kanta-asiakkuus-ja-jalkipalvelut\/#breadcrumb"},"inLanguage":"en-GB","potentialAction":[{"@type":"ReadAction","target":["https:\/\/www.ainolakauneusklinikka.fi\/kanta-asiakkuus-ja-jalkipalvelut\/"]}]},{"@type":"BreadcrumbList","@id":"https:\/\/www.ainolakauneusklinikka.fi\/kanta-asiakkuus-ja-jalkipalvelut\/#breadcrumb","itemListElement":[{"@type":"ListItem","position":1,"name":"Etusivu","item":"https:\/\/www.ainolakauneusklinikka.fi\/"},{"@type":"ListItem","position":2,"name":"Kanta-asiakkuus ja j\u00e4lkipalvelut"}]},{"@type":"WebSite","@id":"https:\/\/www.ainolakauneusklinikka.fi\/#website","url":"https:\/\/www.ainolakauneusklinikka.fi\/","name":"Ainola kauneusklinikka","description":"Kauneushoitola Helsingin keskustassa","publisher":{"@id":"https:\/\/www.ainolakauneusklinikka.fi\/#organization"},"potentialAction":[{"@type":"SearchAction","target":{"@type":"EntryPoint","urlTemplate":"https:\/\/www.ainolakauneusklinikka.fi\/?s={search_term_string}"},"query-input":{"@type":"PropertyValueSpecification","valueRequired":true,"valueName":"search_term_string"}}],"inLanguage":"en-GB"},{"@type":"Organization","@id":"https:\/\/www.ainolakauneusklinikka.fi\/#organization","name":"Ainola kauneusklinikka","url":"https:\/\/www.ainolakauneusklinikka.fi\/","logo":{"@type":"ImageObject","inLanguage":"en-GB","@id":"https:\/\/www.ainolakauneusklinikka.fi\/#\/schema\/logo\/image\/","url":"https:\/\/www.ainolakauneusklinikka.fi\/wp-content\/uploads\/2016\/10\/14628043_10154569956212440_1227015686_n-e1477247964928.jpg","contentUrl":"https:\/\/www.ainolakauneusklinikka.fi\/wp-content\/uploads\/2016\/10\/14628043_10154569956212440_1227015686_n-e1477247964928.jpg","width":500,"height":162,"caption":"Ainola kauneusklinikka"},"image":{"@id":"https:\/\/www.ainolakauneusklinikka.fi\/#\/schema\/logo\/image\/"},"sameAs":["https:\/\/www.facebook.com\/ainolakauneusklinikka.fi\/","https:\/\/www.instagram.com\/ainolakauneusklinikkafi\/"]}]}},"_links":{"self":[{"href":"https:\/\/www.ainolakauneusklinikka.fi\/en\/wp-json\/wp\/v2\/pages\/13288","targetHints":{"allow":["GET"]}}],"collection":[{"href":"https:\/\/www.ainolakauneusklinikka.fi\/en\/wp-json\/wp\/v2\/pages"}],"about":[{"href":"https:\/\/www.ainolakauneusklinikka.fi\/en\/wp-json\/wp\/v2\/types\/page"}],"author":[{"embeddable":true,"href":"https:\/\/www.ainolakauneusklinikka.fi\/en\/wp-json\/wp\/v2\/users\/1"}],"replies":[{"embeddable":true,"href":"https:\/\/www.ainolakauneusklinikka.fi\/en\/wp-json\/wp\/v2\/comments?post=13288"}],"version-history":[{"count":7,"href":"https:\/\/www.ainolakauneusklinikka.fi\/en\/wp-json\/wp\/v2\/pages\/13288\/revisions"}],"predecessor-version":[{"id":19172,"href":"https:\/\/www.ainolakauneusklinikka.fi\/en\/wp-json\/wp\/v2\/pages\/13288\/revisions\/19172"}],"wp:attachment":[{"href":"https:\/\/www.ainolakauneusklinikka.fi\/en\/wp-json\/wp\/v2\/media?parent=13288"}],"curies":[{"name":"wp","href":"https:\/\/api.w.org\/{rel}","templated":true}]}}