{"id":11144,"date":"2016-10-19T12:06:41","date_gmt":"2016-10-19T12:06:41","guid":{"rendered":"https:\/\/www.ainolakauneusklinikka.fi\/?page_id=11144"},"modified":"2023-05-12T11:39:20","modified_gmt":"2023-05-12T09:39:20","slug":"kysymykset-ja-vastaukset","status":"publish","type":"page","link":"https:\/\/www.ainolakauneusklinikka.fi\/en\/kysymykset-ja-vastaukset\/","title":{"rendered":"Frequently Asked Questions"},"content":{"rendered":"<div data-elementor-type=\"wp-page\" data-elementor-id=\"11144\" class=\"elementor elementor-11144\" data-elementor-post-type=\"page\">\n\t\t\t\t\t\t<section class=\"elementor-section elementor-top-section elementor-element elementor-element-bda5cfc elementor-section-boxed elementor-section-height-default elementor-section-height-default\" data-id=\"bda5cfc\" data-element_type=\"section\" data-e-type=\"section\">\n\t\t\t\t\t\t<div class=\"elementor-container elementor-column-gap-default\">\n\t\t\t\t\t<div class=\"elementor-column elementor-col-100 elementor-top-column elementor-element elementor-element-fe8e38a\" data-id=\"fe8e38a\" data-element_type=\"column\" data-e-type=\"column\">\n\t\t\t<div class=\"elementor-widget-wrap elementor-element-populated\">\n\t\t\t\t\t\t<div class=\"elementor-element elementor-element-b5c96b5 elementor-widget elementor-widget-heading\" data-id=\"b5c96b5\" data-element_type=\"widget\" data-e-type=\"widget\" data-widget_type=\"heading.default\">\n\t\t\t\t<div class=\"elementor-widget-container\">\n\t\t\t\t\t<h2 class=\"elementor-heading-title elementor-size-default\">Frequently Asked Questions<\/h2>\t\t\t\t<\/div>\n\t\t\t\t<\/div>\n\t\t\t\t<div class=\"elementor-element elementor-element-626b6cb elementor-widget elementor-widget-toggle\" data-id=\"626b6cb\" data-element_type=\"widget\" data-e-type=\"widget\" data-widget_type=\"toggle.default\">\n\t\t\t\t<div class=\"elementor-widget-container\">\n\t\t\t\t\t\t\t<div class=\"elementor-toggle\">\n\t\t\t\t\t\t\t<div class=\"elementor-toggle-item\">\n\t\t\t\t\t<div id=\"elementor-tab-title-1031\" class=\"elementor-tab-title\" data-tab=\"1\" role=\"button\" aria-controls=\"elementor-tab-content-1031\" aria-expanded=\"false\">\n\t\t\t\t\t\t\t\t\t\t\t\t<span class=\"elementor-toggle-icon elementor-toggle-icon-left\" aria-hidden=\"true\">\n\t\t\t\t\t\t\t\t\t\t\t\t\t\t\t<span class=\"elementor-toggle-icon-closed\"><i class=\"fas fa-chevron-down\"><\/i><\/span>\n\t\t\t\t\t\t\t\t<span class=\"elementor-toggle-icon-opened\"><i class=\"elementor-toggle-icon-opened fas fa-chevron-up\"><\/i><\/span>\n\t\t\t\t\t\t\t\t\t\t\t\t\t<\/span>\n\t\t\t\t\t\t\t\t\t\t\t\t<a class=\"elementor-toggle-title\" tabindex=\"0\">What is Ainola Beauty Clinic?<\/a>\n\t\t\t\t\t<\/div>\n\n\t\t\t\t\t<div id=\"elementor-tab-content-1031\" class=\"elementor-tab-content elementor-clearfix\" data-tab=\"1\" role=\"region\" aria-labelledby=\"elementor-tab-title-1031\"><p class=\"Standard\"><span lang=\"EN-GB\" style=\"color: black;\">Ainola Beauty Clinic is a leading beauty clinic centrally located in Kluuvi in the centre of\nHelsinki. We specialize in holistic beauty care. State-of-the-art equipment combined with\nour team of professionals ensure a unique customer experience.<\/span><\/p><\/div>\n\t\t\t\t<\/div>\n\t\t\t\t\t\t\t<div class=\"elementor-toggle-item\">\n\t\t\t\t\t<div id=\"elementor-tab-title-1032\" class=\"elementor-tab-title\" data-tab=\"2\" role=\"button\" aria-controls=\"elementor-tab-content-1032\" aria-expanded=\"false\">\n\t\t\t\t\t\t\t\t\t\t\t\t<span class=\"elementor-toggle-icon elementor-toggle-icon-left\" aria-hidden=\"true\">\n\t\t\t\t\t\t\t\t\t\t\t\t\t\t\t<span class=\"elementor-toggle-icon-closed\"><i class=\"fas fa-chevron-down\"><\/i><\/span>\n\t\t\t\t\t\t\t\t<span class=\"elementor-toggle-icon-opened\"><i class=\"elementor-toggle-icon-opened fas fa-chevron-up\"><\/i><\/span>\n\t\t\t\t\t\t\t\t\t\t\t\t\t<\/span>\n\t\t\t\t\t\t\t\t\t\t\t\t<a class=\"elementor-toggle-title\" tabindex=\"0\">What does the free facial include?<\/a>\n\t\t\t\t\t<\/div>\n\n\t\t\t\t\t<div id=\"elementor-tab-content-1032\" class=\"elementor-tab-content elementor-clearfix\" data-tab=\"2\" role=\"region\" aria-labelledby=\"elementor-tab-title-1032\"><p class=\"Textbody\"><span style=\"color: black;\" lang=\"EN-GB\">Ainola Beauty Clinic offers a free consultation for you who are interested in the well-being of\nyour skin and need intensive skin care!<\/span><\/p>\n<p class=\"Textbody\"><span style=\"color: black;\" lang=\"EN-GB\">The visit includes a 30-minute consultation, in which the beauty consultant maps out the\ncondition of the skin and current skin care habits together with the client. During the visit,\nthe client gets to know the concept of our clinic and hear about the follow-up treatment\nmeasures recommended for him\/her. The duration of the visit is about an hour.<\/span><\/p>\n<p class=\"Textbody\"><span style=\"color: black;\" lang=\"EN-GB\">During the consultation, the customer will also receive an OxyPro device treatment that\nbrightens and moisturizes the skin. The treatment uses the MERE professional cosmetics\nseries for Nordic skin. MERE skin care products consist of both the newest and most\ntraditional effective ingredients. The products protect already healthy skin and prevent skin\ndamage and premature signs of aging.<\/span><\/p><\/div>\n\t\t\t\t<\/div>\n\t\t\t\t\t\t\t<div class=\"elementor-toggle-item\">\n\t\t\t\t\t<div id=\"elementor-tab-title-1033\" class=\"elementor-tab-title\" data-tab=\"3\" role=\"button\" aria-controls=\"elementor-tab-content-1033\" aria-expanded=\"false\">\n\t\t\t\t\t\t\t\t\t\t\t\t<span class=\"elementor-toggle-icon elementor-toggle-icon-left\" aria-hidden=\"true\">\n\t\t\t\t\t\t\t\t\t\t\t\t\t\t\t<span class=\"elementor-toggle-icon-closed\"><i class=\"fas fa-chevron-down\"><\/i><\/span>\n\t\t\t\t\t\t\t\t<span class=\"elementor-toggle-icon-opened\"><i class=\"elementor-toggle-icon-opened fas fa-chevron-up\"><\/i><\/span>\n\t\t\t\t\t\t\t\t\t\t\t\t\t<\/span>\n\t\t\t\t\t\t\t\t\t\t\t\t<a class=\"elementor-toggle-title\" tabindex=\"0\">How can I apply for a free facial?<\/a>\n\t\t\t\t\t<\/div>\n\n\t\t\t\t\t<div id=\"elementor-tab-content-1033\" class=\"elementor-tab-content elementor-clearfix\" data-tab=\"3\" role=\"region\" aria-labelledby=\"elementor-tab-title-1033\"><p>You can apply for a free facial treatment by visiting our website and filling in the application\nform: https:\/\/www.ainolakauneusklinikka.fi\/tule-tutustumiskaynnille-ja-saat-ilmaisen-\nhappihoidon\/<\/p>\n<p>You can also contact us by phone 040 940 2285 or email:\nkantaasiakas@ainolakauneusklinikka.fi<a href=\"mailto:helsinki@ainolakauneusklinikka.fi\">@ainolakauneusklinikka.fi<\/a><\/p><\/div>\n\t\t\t\t<\/div>\n\t\t\t\t\t\t\t<div class=\"elementor-toggle-item\">\n\t\t\t\t\t<div id=\"elementor-tab-title-1034\" class=\"elementor-tab-title\" data-tab=\"4\" role=\"button\" aria-controls=\"elementor-tab-content-1034\" aria-expanded=\"false\">\n\t\t\t\t\t\t\t\t\t\t\t\t<span class=\"elementor-toggle-icon elementor-toggle-icon-left\" aria-hidden=\"true\">\n\t\t\t\t\t\t\t\t\t\t\t\t\t\t\t<span class=\"elementor-toggle-icon-closed\"><i class=\"fas fa-chevron-down\"><\/i><\/span>\n\t\t\t\t\t\t\t\t<span class=\"elementor-toggle-icon-opened\"><i class=\"elementor-toggle-icon-opened fas fa-chevron-up\"><\/i><\/span>\n\t\t\t\t\t\t\t\t\t\t\t\t\t<\/span>\n\t\t\t\t\t\t\t\t\t\t\t\t<a class=\"elementor-toggle-title\" tabindex=\"0\">What does Ainola Beauty Clinic offer?<\/a>\n\t\t\t\t\t<\/div>\n\n\t\t\t\t\t<div id=\"elementor-tab-content-1034\" class=\"elementor-tab-content elementor-clearfix\" data-tab=\"4\" role=\"region\" aria-labelledby=\"elementor-tab-title-1034\"><p>We offer professional solutions combined with non-surgical cosmetic services. For example,\nIPL treatment, VelaShape, Oxygen treatment, HIFU High Intence Ultrasound Treatment and\nseveral other treatments to meet the needs of clients of all ages and types. Device\ntreatments can be used to correct the effects of skin ageing, pigment changes, visibility of\ndamaged surface blood vessels, oily skin problems, purity of pores, and skin elasticity and\nfirmness.<\/p><\/div>\n\t\t\t\t<\/div>\n\t\t\t\t\t\t\t<div class=\"elementor-toggle-item\">\n\t\t\t\t\t<div id=\"elementor-tab-title-1035\" class=\"elementor-tab-title\" data-tab=\"5\" role=\"button\" aria-controls=\"elementor-tab-content-1035\" aria-expanded=\"false\">\n\t\t\t\t\t\t\t\t\t\t\t\t<span class=\"elementor-toggle-icon elementor-toggle-icon-left\" aria-hidden=\"true\">\n\t\t\t\t\t\t\t\t\t\t\t\t\t\t\t<span class=\"elementor-toggle-icon-closed\"><i class=\"fas fa-chevron-down\"><\/i><\/span>\n\t\t\t\t\t\t\t\t<span class=\"elementor-toggle-icon-opened\"><i class=\"elementor-toggle-icon-opened fas fa-chevron-up\"><\/i><\/span>\n\t\t\t\t\t\t\t\t\t\t\t\t\t<\/span>\n\t\t\t\t\t\t\t\t\t\t\t\t<a class=\"elementor-toggle-title\" tabindex=\"0\">How many treatments has Ainola performed?  <\/a>\n\t\t\t\t\t<\/div>\n\n\t\t\t\t\t<div id=\"elementor-tab-content-1035\" class=\"elementor-tab-content elementor-clearfix\" data-tab=\"5\" role=\"region\" aria-labelledby=\"elementor-tab-title-1035\"><p class=\"Textbody\"><span lang=\"EN-GB\" style=\"color: black;\">Since 2016, there have been more than 100,000 treatments.<\/span><\/p><p class=\"Textbody\"><span lang=\"EN-GB\" style=\"color: black;\">\u00a0<\/span><\/p><\/div>\n\t\t\t\t<\/div>\n\t\t\t\t\t\t\t<div class=\"elementor-toggle-item\">\n\t\t\t\t\t<div id=\"elementor-tab-title-1036\" class=\"elementor-tab-title\" data-tab=\"6\" role=\"button\" aria-controls=\"elementor-tab-content-1036\" aria-expanded=\"false\">\n\t\t\t\t\t\t\t\t\t\t\t\t<span class=\"elementor-toggle-icon elementor-toggle-icon-left\" aria-hidden=\"true\">\n\t\t\t\t\t\t\t\t\t\t\t\t\t\t\t<span class=\"elementor-toggle-icon-closed\"><i class=\"fas fa-chevron-down\"><\/i><\/span>\n\t\t\t\t\t\t\t\t<span class=\"elementor-toggle-icon-opened\"><i class=\"elementor-toggle-icon-opened fas fa-chevron-up\"><\/i><\/span>\n\t\t\t\t\t\t\t\t\t\t\t\t\t<\/span>\n\t\t\t\t\t\t\t\t\t\t\t\t<a class=\"elementor-toggle-title\" tabindex=\"0\">Where does MERE production come from?<\/a>\n\t\t\t\t\t<\/div>\n\n\t\t\t\t\t<div id=\"elementor-tab-content-1036\" class=\"elementor-tab-content elementor-clearfix\" data-tab=\"6\" role=\"region\" aria-labelledby=\"elementor-tab-title-1036\"><p class=\"Textbody\"><span style=\"color: black;\" lang=\"EN-GB\">Ainola Beauty Clinic&#039;s own MERE product range is manufactured in cooperation with Oem\nSpain. The laboratory is known for its non-allergenic cosmetic products. Together with\nleading scientists, doctors and chemists, we have hand-tailored the MERE professional facial\nline to meet the needs of Finnish skin.&nbsp;<\/span><\/p><\/div>\n\t\t\t\t<\/div>\n\t\t\t\t\t\t\t<div class=\"elementor-toggle-item\">\n\t\t\t\t\t<div id=\"elementor-tab-title-1037\" class=\"elementor-tab-title\" data-tab=\"7\" role=\"button\" aria-controls=\"elementor-tab-content-1037\" aria-expanded=\"false\">\n\t\t\t\t\t\t\t\t\t\t\t\t<span class=\"elementor-toggle-icon elementor-toggle-icon-left\" aria-hidden=\"true\">\n\t\t\t\t\t\t\t\t\t\t\t\t\t\t\t<span class=\"elementor-toggle-icon-closed\"><i class=\"fas fa-chevron-down\"><\/i><\/span>\n\t\t\t\t\t\t\t\t<span class=\"elementor-toggle-icon-opened\"><i class=\"elementor-toggle-icon-opened fas fa-chevron-up\"><\/i><\/span>\n\t\t\t\t\t\t\t\t\t\t\t\t\t<\/span>\n\t\t\t\t\t\t\t\t\t\t\t\t<a class=\"elementor-toggle-title\" tabindex=\"0\">How many loyal customers does Ainola Beauty Clinic have?<\/a>\n\t\t\t\t\t<\/div>\n\n\t\t\t\t\t<div id=\"elementor-tab-content-1037\" class=\"elementor-tab-content elementor-clearfix\" data-tab=\"7\" role=\"region\" aria-labelledby=\"elementor-tab-title-1037\"><p>Over 7,000 loyal customers<\/p><\/div>\n\t\t\t\t<\/div>\n\t\t\t\t\t\t\t<div class=\"elementor-toggle-item\">\n\t\t\t\t\t<div id=\"elementor-tab-title-1038\" class=\"elementor-tab-title\" data-tab=\"8\" role=\"button\" aria-controls=\"elementor-tab-content-1038\" aria-expanded=\"false\">\n\t\t\t\t\t\t\t\t\t\t\t\t<span class=\"elementor-toggle-icon elementor-toggle-icon-left\" aria-hidden=\"true\">\n\t\t\t\t\t\t\t\t\t\t\t\t\t\t\t<span class=\"elementor-toggle-icon-closed\"><i class=\"fas fa-chevron-down\"><\/i><\/span>\n\t\t\t\t\t\t\t\t<span class=\"elementor-toggle-icon-opened\"><i class=\"elementor-toggle-icon-opened fas fa-chevron-up\"><\/i><\/span>\n\t\t\t\t\t\t\t\t\t\t\t\t\t<\/span>\n\t\t\t\t\t\t\t\t\t\t\t\t<a class=\"elementor-toggle-title\" tabindex=\"0\">How can I make an agreement with the clinic?<\/a>\n\t\t\t\t\t<\/div>\n\n\t\t\t\t\t<div id=\"elementor-tab-content-1038\" class=\"elementor-tab-content elementor-clearfix\" data-tab=\"8\" role=\"region\" aria-labelledby=\"elementor-tab-title-1038\"><p class=\"Textbody\"><span style=\"color: black;\" lang=\"EN-GB\">We invite you to our first meeting \u2013 a free consultation that includes a 30-minute\nconsultation where a beauty consultant together with the client explains the condition of\nthe skin and skin care habits. During the visit, the client can familiarize themselves with the\nconcept of our clinic and hear recommendations for further actions. During the consultation,\ncustomers receive a free facial treatment and get to know our products.<\/span><\/p>\n<p class=\"Textbody\"><span style=\"color: black;\" lang=\"EN-GB\">If you got interested, we also offer the benefit of a fast booker in connection with the consultation.\nBook your appointment today! <br><\/span><\/p><\/div>\n\t\t\t\t<\/div>\n\t\t\t\t\t\t\t<div class=\"elementor-toggle-item\">\n\t\t\t\t\t<div id=\"elementor-tab-title-1039\" class=\"elementor-tab-title\" data-tab=\"9\" role=\"button\" aria-controls=\"elementor-tab-content-1039\" aria-expanded=\"false\">\n\t\t\t\t\t\t\t\t\t\t\t\t<span class=\"elementor-toggle-icon elementor-toggle-icon-left\" aria-hidden=\"true\">\n\t\t\t\t\t\t\t\t\t\t\t\t\t\t\t<span class=\"elementor-toggle-icon-closed\"><i class=\"fas fa-chevron-down\"><\/i><\/span>\n\t\t\t\t\t\t\t\t<span class=\"elementor-toggle-icon-opened\"><i class=\"elementor-toggle-icon-opened fas fa-chevron-up\"><\/i><\/span>\n\t\t\t\t\t\t\t\t\t\t\t\t\t<\/span>\n\t\t\t\t\t\t\t\t\t\t\t\t<a class=\"elementor-toggle-title\" tabindex=\"0\">How long contract can I sign?<\/a>\n\t\t\t\t\t<\/div>\n\n\t\t\t\t\t<div id=\"elementor-tab-content-1039\" class=\"elementor-tab-content elementor-clearfix\" data-tab=\"9\" role=\"region\" aria-labelledby=\"elementor-tab-title-1039\"><p class=\"Textbody\"><span lang=\"EN-GB\" style=\"color: black;\">The agreement is made for approximately one year, depending on what kind of treatment\nplan is drawn up with the client.<\/span><\/p><\/div>\n\t\t\t\t<\/div>\n\t\t\t\t\t\t\t<div class=\"elementor-toggle-item\">\n\t\t\t\t\t<div id=\"elementor-tab-title-10310\" class=\"elementor-tab-title\" data-tab=\"10\" role=\"button\" aria-controls=\"elementor-tab-content-10310\" aria-expanded=\"false\">\n\t\t\t\t\t\t\t\t\t\t\t\t<span class=\"elementor-toggle-icon elementor-toggle-icon-left\" aria-hidden=\"true\">\n\t\t\t\t\t\t\t\t\t\t\t\t\t\t\t<span class=\"elementor-toggle-icon-closed\"><i class=\"fas fa-chevron-down\"><\/i><\/span>\n\t\t\t\t\t\t\t\t<span class=\"elementor-toggle-icon-opened\"><i class=\"elementor-toggle-icon-opened fas fa-chevron-up\"><\/i><\/span>\n\t\t\t\t\t\t\t\t\t\t\t\t\t<\/span>\n\t\t\t\t\t\t\t\t\t\t\t\t<a class=\"elementor-toggle-title\" tabindex=\"0\">Does Ainola Beauty Clinic offer injections?<\/a>\n\t\t\t\t\t<\/div>\n\n\t\t\t\t\t<div id=\"elementor-tab-content-10310\" class=\"elementor-tab-content elementor-clearfix\" data-tab=\"10\" role=\"region\" aria-labelledby=\"elementor-tab-title-10310\"><p class=\"Textbody\"><span lang=\"EN-GB\" style=\"color: black;\">We offer two types of injections: filler treatments and botox treatments. Facial injection\ntreatments correct minor or early-appearing changes associated with aging. Treatments are\na much lighter option than surgery. As the name suggests, fillers fill sunken face shapes and\ntheir hyaluronic acid also effectively moisturizes the skin, making it supple. The effect of\nbotox, in turn, is directed at the nerve endings of the muscles, which relaxes the muscle and\nprevents the formation of wrinkles.<\/span><\/p><p class=\"Textbody\"><span lang=\"EN-GB\" style=\"color: black;\">Together with the client, the specialist evaluates the best way forward to achieve an optimal\nresult. Injection treatments are quick procedures by nature and their result is visible\nimmediately without a long recovery period. Treatment can often be done already at the\nfirst appointment<\/span><\/p><p class=\"Textbody\"><span lang=\"EN-GB\" style=\"color: black;\">\u00a0<\/span><\/p><\/div>\n\t\t\t\t<\/div>\n\t\t\t\t\t\t\t\t<\/div>\n\t\t\t\t\t\t<\/div>\n\t\t\t\t<\/div>\n\t\t\t\t<div class=\"elementor-element elementor-element-17a26a0 elementor-widget elementor-widget-spacer\" data-id=\"17a26a0\" data-element_type=\"widget\" data-e-type=\"widget\" data-widget_type=\"spacer.default\">\n\t\t\t\t<div class=\"elementor-widget-container\">\n\t\t\t\t\t\t\t<div class=\"elementor-spacer\">\n\t\t\t<div class=\"elementor-spacer-inner\"><\/div>\n\t\t<\/div>\n\t\t\t\t\t\t<\/div>\n\t\t\t\t<\/div>\n\t\t\t\t\t<\/div>\n\t\t<\/div>\n\t\t\t\t\t<\/div>\n\t\t<\/section>\n\t\t\t\t<\/div>","protected":false},"excerpt":{"rendered":"<p>Usein kysyttyj\u00e4 kysymyksi\u00e4 Mik\u00e4 on Ainola Kauneusklinikka? Ainola Kauneusklinikka on johtava kauneudenhoidon klinikka, joka sijaitsee keskeisell\u00e4 paikalla Helsingin keskustassa Kluuvissa. Olemme erikoistuneet kokonaisvaltaiseen kauneudenhoitoon. Viimeisint\u00e4 teknologiaa olevat laitteet yhdistettyn\u00e4 ammattilaistiimiimme takaavat ainutlaatuisen asiakaskokemuksen. Mit\u00e4 ilmainen kasvohoito sis\u00e4lt\u00e4\u00e4? Ainola Kauneusklinikka tarjoaa ilmaisen konsultaation Sinulle, joka olet kiinnostunut ihosi hyvinvoinnista ja tarvitset ihon tehohoitoa! K\u00e4ynti sis\u00e4lt\u00e4\u00e4 n. [&hellip;]<\/p>\n","protected":false},"author":1,"featured_media":0,"parent":0,"menu_order":0,"comment_status":"closed","ping_status":"closed","template":"","meta":{"footnotes":""},"class_list":["post-11144","page","type-page","status-publish","hentry"],"yoast_head":"<!-- This site is optimized with the Yoast SEO plugin v27.5 - https:\/\/yoast.com\/product\/yoast-seo-wordpress\/ -->\n<title>Usein kysyttyj\u00e4 kysymyksi\u00e4 - Ainola kauneusklinikka<\/title>\n<meta name=\"robots\" content=\"index, follow, max-snippet:-1, max-image-preview:large, max-video-preview:-1\" \/>\n<link rel=\"canonical\" href=\"https:\/\/www.ainolakauneusklinikka.fi\/en\/kysymykset-ja-vastaukset\/\" \/>\n<meta property=\"og:locale\" content=\"en_GB\" \/>\n<meta property=\"og:type\" content=\"article\" \/>\n<meta property=\"og:title\" content=\"Usein kysyttyj\u00e4 kysymyksi\u00e4 - Ainola kauneusklinikka\" \/>\n<meta property=\"og:description\" content=\"Usein kysyttyj\u00e4 kysymyksi\u00e4 Mik\u00e4 on Ainola Kauneusklinikka? Ainola Kauneusklinikka on johtava kauneudenhoidon klinikka, joka sijaitsee keskeisell\u00e4 paikalla Helsingin keskustassa Kluuvissa. Olemme erikoistuneet kokonaisvaltaiseen kauneudenhoitoon. Viimeisint\u00e4 teknologiaa olevat laitteet yhdistettyn\u00e4 ammattilaistiimiimme takaavat ainutlaatuisen asiakaskokemuksen. Mit\u00e4 ilmainen kasvohoito sis\u00e4lt\u00e4\u00e4? Ainola Kauneusklinikka tarjoaa ilmaisen konsultaation Sinulle, joka olet kiinnostunut ihosi hyvinvoinnista ja tarvitset ihon tehohoitoa! K\u00e4ynti sis\u00e4lt\u00e4\u00e4 n. [&hellip;]\" \/>\n<meta property=\"og:url\" content=\"https:\/\/www.ainolakauneusklinikka.fi\/en\/kysymykset-ja-vastaukset\/\" \/>\n<meta property=\"og:site_name\" content=\"Ainola kauneusklinikka\" \/>\n<meta property=\"article:publisher\" content=\"https:\/\/www.facebook.com\/ainolakauneusklinikka.fi\/\" \/>\n<meta property=\"article:modified_time\" content=\"2023-05-12T09:39:20+00:00\" \/>\n<meta name=\"twitter:card\" content=\"summary_large_image\" \/>\n<meta name=\"twitter:label1\" content=\"Estimated reading time\" \/>\n\t<meta name=\"twitter:data1\" content=\"3 minutes\" \/>\n<script type=\"application\/ld+json\" class=\"yoast-schema-graph\">{\"@context\":\"https:\\\/\\\/schema.org\",\"@graph\":[{\"@type\":\"WebPage\",\"@id\":\"https:\\\/\\\/www.ainolakauneusklinikka.fi\\\/kysymykset-ja-vastaukset\\\/\",\"url\":\"https:\\\/\\\/www.ainolakauneusklinikka.fi\\\/kysymykset-ja-vastaukset\\\/\",\"name\":\"Usein kysyttyj\u00e4 kysymyksi\u00e4 - Ainola kauneusklinikka\",\"isPartOf\":{\"@id\":\"https:\\\/\\\/www.ainolakauneusklinikka.fi\\\/#website\"},\"datePublished\":\"2016-10-19T12:06:41+00:00\",\"dateModified\":\"2023-05-12T09:39:20+00:00\",\"breadcrumb\":{\"@id\":\"https:\\\/\\\/www.ainolakauneusklinikka.fi\\\/kysymykset-ja-vastaukset\\\/#breadcrumb\"},\"inLanguage\":\"en-GB\",\"potentialAction\":[{\"@type\":\"ReadAction\",\"target\":[\"https:\\\/\\\/www.ainolakauneusklinikka.fi\\\/kysymykset-ja-vastaukset\\\/\"]}]},{\"@type\":\"BreadcrumbList\",\"@id\":\"https:\\\/\\\/www.ainolakauneusklinikka.fi\\\/kysymykset-ja-vastaukset\\\/#breadcrumb\",\"itemListElement\":[{\"@type\":\"ListItem\",\"position\":1,\"name\":\"Etusivu\",\"item\":\"https:\\\/\\\/www.ainolakauneusklinikka.fi\\\/\"},{\"@type\":\"ListItem\",\"position\":2,\"name\":\"Usein kysyttyj\u00e4 kysymyksi\u00e4\"}]},{\"@type\":\"WebSite\",\"@id\":\"https:\\\/\\\/www.ainolakauneusklinikka.fi\\\/#website\",\"url\":\"https:\\\/\\\/www.ainolakauneusklinikka.fi\\\/\",\"name\":\"Ainola kauneusklinikka\",\"description\":\"Kauneushoitola Helsingin keskustassa\",\"publisher\":{\"@id\":\"https:\\\/\\\/www.ainolakauneusklinikka.fi\\\/#organization\"},\"potentialAction\":[{\"@type\":\"SearchAction\",\"target\":{\"@type\":\"EntryPoint\",\"urlTemplate\":\"https:\\\/\\\/www.ainolakauneusklinikka.fi\\\/?s={search_term_string}\"},\"query-input\":{\"@type\":\"PropertyValueSpecification\",\"valueRequired\":true,\"valueName\":\"search_term_string\"}}],\"inLanguage\":\"en-GB\"},{\"@type\":\"Organization\",\"@id\":\"https:\\\/\\\/www.ainolakauneusklinikka.fi\\\/#organization\",\"name\":\"Ainola kauneusklinikka\",\"url\":\"https:\\\/\\\/www.ainolakauneusklinikka.fi\\\/\",\"logo\":{\"@type\":\"ImageObject\",\"inLanguage\":\"en-GB\",\"@id\":\"https:\\\/\\\/www.ainolakauneusklinikka.fi\\\/#\\\/schema\\\/logo\\\/image\\\/\",\"url\":\"https:\\\/\\\/www.ainolakauneusklinikka.fi\\\/wp-content\\\/uploads\\\/2016\\\/10\\\/14628043_10154569956212440_1227015686_n-e1477247964928.jpg\",\"contentUrl\":\"https:\\\/\\\/www.ainolakauneusklinikka.fi\\\/wp-content\\\/uploads\\\/2016\\\/10\\\/14628043_10154569956212440_1227015686_n-e1477247964928.jpg\",\"width\":500,\"height\":162,\"caption\":\"Ainola kauneusklinikka\"},\"image\":{\"@id\":\"https:\\\/\\\/www.ainolakauneusklinikka.fi\\\/#\\\/schema\\\/logo\\\/image\\\/\"},\"sameAs\":[\"https:\\\/\\\/www.facebook.com\\\/ainolakauneusklinikka.fi\\\/\",\"https:\\\/\\\/www.instagram.com\\\/ainolakauneusklinikkafi\\\/\"]}]}<\/script>\n<!-- \/ Yoast SEO plugin. -->","yoast_head_json":{"title":"Usein kysyttyj\u00e4 kysymyksi\u00e4 - Ainola kauneusklinikka","robots":{"index":"index","follow":"follow","max-snippet":"max-snippet:-1","max-image-preview":"max-image-preview:large","max-video-preview":"max-video-preview:-1"},"canonical":"https:\/\/www.ainolakauneusklinikka.fi\/en\/kysymykset-ja-vastaukset\/","og_locale":"en_GB","og_type":"article","og_title":"Usein kysyttyj\u00e4 kysymyksi\u00e4 - Ainola kauneusklinikka","og_description":"Usein kysyttyj\u00e4 kysymyksi\u00e4 Mik\u00e4 on Ainola Kauneusklinikka? Ainola Kauneusklinikka on johtava kauneudenhoidon klinikka, joka sijaitsee keskeisell\u00e4 paikalla Helsingin keskustassa Kluuvissa. Olemme erikoistuneet kokonaisvaltaiseen kauneudenhoitoon. Viimeisint\u00e4 teknologiaa olevat laitteet yhdistettyn\u00e4 ammattilaistiimiimme takaavat ainutlaatuisen asiakaskokemuksen. Mit\u00e4 ilmainen kasvohoito sis\u00e4lt\u00e4\u00e4? Ainola Kauneusklinikka tarjoaa ilmaisen konsultaation Sinulle, joka olet kiinnostunut ihosi hyvinvoinnista ja tarvitset ihon tehohoitoa! K\u00e4ynti sis\u00e4lt\u00e4\u00e4 n. [&hellip;]","og_url":"https:\/\/www.ainolakauneusklinikka.fi\/en\/kysymykset-ja-vastaukset\/","og_site_name":"Ainola kauneusklinikka","article_publisher":"https:\/\/www.facebook.com\/ainolakauneusklinikka.fi\/","article_modified_time":"2023-05-12T09:39:20+00:00","twitter_card":"summary_large_image","twitter_misc":{"Estimated reading time":"3 minutes"},"schema":{"@context":"https:\/\/schema.org","@graph":[{"@type":"WebPage","@id":"https:\/\/www.ainolakauneusklinikka.fi\/kysymykset-ja-vastaukset\/","url":"https:\/\/www.ainolakauneusklinikka.fi\/kysymykset-ja-vastaukset\/","name":"Usein kysyttyj\u00e4 kysymyksi\u00e4 - Ainola kauneusklinikka","isPartOf":{"@id":"https:\/\/www.ainolakauneusklinikka.fi\/#website"},"datePublished":"2016-10-19T12:06:41+00:00","dateModified":"2023-05-12T09:39:20+00:00","breadcrumb":{"@id":"https:\/\/www.ainolakauneusklinikka.fi\/kysymykset-ja-vastaukset\/#breadcrumb"},"inLanguage":"en-GB","potentialAction":[{"@type":"ReadAction","target":["https:\/\/www.ainolakauneusklinikka.fi\/kysymykset-ja-vastaukset\/"]}]},{"@type":"BreadcrumbList","@id":"https:\/\/www.ainolakauneusklinikka.fi\/kysymykset-ja-vastaukset\/#breadcrumb","itemListElement":[{"@type":"ListItem","position":1,"name":"Etusivu","item":"https:\/\/www.ainolakauneusklinikka.fi\/"},{"@type":"ListItem","position":2,"name":"Usein kysyttyj\u00e4 kysymyksi\u00e4"}]},{"@type":"WebSite","@id":"https:\/\/www.ainolakauneusklinikka.fi\/#website","url":"https:\/\/www.ainolakauneusklinikka.fi\/","name":"Ainola kauneusklinikka","description":"Kauneushoitola Helsingin keskustassa","publisher":{"@id":"https:\/\/www.ainolakauneusklinikka.fi\/#organization"},"potentialAction":[{"@type":"SearchAction","target":{"@type":"EntryPoint","urlTemplate":"https:\/\/www.ainolakauneusklinikka.fi\/?s={search_term_string}"},"query-input":{"@type":"PropertyValueSpecification","valueRequired":true,"valueName":"search_term_string"}}],"inLanguage":"en-GB"},{"@type":"Organization","@id":"https:\/\/www.ainolakauneusklinikka.fi\/#organization","name":"Ainola kauneusklinikka","url":"https:\/\/www.ainolakauneusklinikka.fi\/","logo":{"@type":"ImageObject","inLanguage":"en-GB","@id":"https:\/\/www.ainolakauneusklinikka.fi\/#\/schema\/logo\/image\/","url":"https:\/\/www.ainolakauneusklinikka.fi\/wp-content\/uploads\/2016\/10\/14628043_10154569956212440_1227015686_n-e1477247964928.jpg","contentUrl":"https:\/\/www.ainolakauneusklinikka.fi\/wp-content\/uploads\/2016\/10\/14628043_10154569956212440_1227015686_n-e1477247964928.jpg","width":500,"height":162,"caption":"Ainola kauneusklinikka"},"image":{"@id":"https:\/\/www.ainolakauneusklinikka.fi\/#\/schema\/logo\/image\/"},"sameAs":["https:\/\/www.facebook.com\/ainolakauneusklinikka.fi\/","https:\/\/www.instagram.com\/ainolakauneusklinikkafi\/"]}]}},"_links":{"self":[{"href":"https:\/\/www.ainolakauneusklinikka.fi\/en\/wp-json\/wp\/v2\/pages\/11144","targetHints":{"allow":["GET"]}}],"collection":[{"href":"https:\/\/www.ainolakauneusklinikka.fi\/en\/wp-json\/wp\/v2\/pages"}],"about":[{"href":"https:\/\/www.ainolakauneusklinikka.fi\/en\/wp-json\/wp\/v2\/types\/page"}],"author":[{"embeddable":true,"href":"https:\/\/www.ainolakauneusklinikka.fi\/en\/wp-json\/wp\/v2\/users\/1"}],"replies":[{"embeddable":true,"href":"https:\/\/www.ainolakauneusklinikka.fi\/en\/wp-json\/wp\/v2\/comments?post=11144"}],"version-history":[{"count":23,"href":"https:\/\/www.ainolakauneusklinikka.fi\/en\/wp-json\/wp\/v2\/pages\/11144\/revisions"}],"predecessor-version":[{"id":19176,"href":"https:\/\/www.ainolakauneusklinikka.fi\/en\/wp-json\/wp\/v2\/pages\/11144\/revisions\/19176"}],"wp:attachment":[{"href":"https:\/\/www.ainolakauneusklinikka.fi\/en\/wp-json\/wp\/v2\/media?parent=11144"}],"curies":[{"name":"wp","href":"https:\/\/api.w.org\/{rel}","templated":true}]}}